{"id":279,"date":"2026-03-17T13:55:46","date_gmt":"2026-03-17T12:55:46","guid":{"rendered":"https:\/\/ops.wladyslawowo.pl\/?page_id=279"},"modified":"2026-03-26T13:56:03","modified_gmt":"2026-03-26T12:56:03","slug":"druki-do-porania","status":"publish","type":"page","link":"https:\/\/ops.wladyslawowo.pl\/index.php\/druki-do-porania\/","title":{"rendered":"druki do porania"},"content":{"rendered":"\n<p><\/p>\n\n\n\n<p><\/p>\n\n\n\n<p class=\"has-ast-global-color-2-color has-text-color has-link-color has-medium-font-size wp-elements-3779842aed38e5a4dc502c3b4982cad8\"><strong>Pomoc spo\u0142eczna<\/strong><\/p>\n\n\n\n<ul class=\"wp-block-list\">\n<li><a href=\"https:\/\/ops.wladyslawowo.pl\/wp-content\/uploads\/2026\/03\/wniosek_o_pomoc.doc\">wniosek o udzielenie pomocy<\/a><\/li>\n\n\n\n<li><a href=\"https:\/\/ops.wladyslawowo.pl\/wp-content\/uploads\/2026\/03\/oswiadczenie-o-stanie-majatkowym.pdf\">o\u015bwiadczenie o stanie maj\u0105tkowym<\/a><\/li>\n\n\n\n<li><a href=\"https:\/\/ops.wladyslawowo.pl\/wp-content\/uploads\/2026\/03\/oswiadczenie_wzor2.doc\">o\u015bwiadczenie<\/a><\/li>\n\n\n\n<li><a href=\"https:\/\/ops.wladyslawowo.pl\/wp-content\/uploads\/2026\/03\/konto-ps.pdf\">pro\u015bba o przekazywanie \u015bwiadcze\u0144 na konto bankowe<\/a><\/li>\n\n\n\n<li><a href=\"https:\/\/ops.wladyslawowo.pl\/wp-content\/uploads\/2026\/03\/zaswiadczenie-SUO-wersja-1.pdf\">za\u015bwiadczenie SUO<\/a><\/li>\n\n\n\n<li><a href=\"https:\/\/ops.wladyslawowo.pl\/wp-content\/uploads\/2026\/03\/zaswiadczenie-SUO-wersja-2.pdf\">za\u015bwiadczenie lekarskie SUO<\/a><\/li>\n<\/ul>\n\n\n\n<hr class=\"wp-block-separator has-alpha-channel-opacity is-style-wide\"\/>\n\n\n\n<p class=\"has-medium-font-size\"><strong>\u015awiadczenia rodzinne<\/strong><\/p>\n\n\n\n<ul class=\"wp-block-list\">\n<li><a href=\"https:\/\/www.gov.pl\/web\/rodzina\/zasilek-rodzinny-oraz-dodatki---wzor-wniosku-do-stosowania-na-nowy-okres-20212022\">Zasi\u0142ek rodzinny oraz dodatki &#8211; wz\u00f3r wniosku do stosowania na okres 2025\/2026<\/a><\/li>\n\n\n\n<li><a href=\"https:\/\/www.gov.pl\/web\/rodzina\/jednorazowa-zapomoga-z-tytulu-urodzenia-sie-dziecka-tzw-becikowe---wzor-wniosku-do-stosowania-od-1-listopada-2021-r\">Jednorazowa zapomoga z tytu\u0142u urodzenia si\u0119 dziecka (tzw. becikowe) <\/a><\/li>\n\n\n\n<li><a href=\"https:\/\/www.gov.pl\/web\/rodzina\/v-zasilek-pielegnacyjny111\">Zasi\u0142ek piel\u0119gnacyjny<\/a><\/li>\n\n\n\n<li><a href=\"https:\/\/www.gov.pl\/web\/rodzina\/specjalny-zasilek-opiekunczy---wzor-wniosku-do-stosowania-na-nowy-okres-20212022\">Specjalny zasi\u0142ek opieku\u0144czy &#8211; wz\u00f3r wniosku do stosowania na okres 2025\/2026<\/a><\/li>\n\n\n\n<li><a href=\"https:\/\/www.gov.pl\/web\/rodzina\/11iv-jednorazowa-zapomoga-z-tytulu-urodzenia-sie-dziecka-tzw-becikowe\">&#8222;Nowe&#8221; \u015awiadczenie piel\u0119gnacyjne na zasadach obowi\u0105zuj\u0105cych od 1 stycznia 2024 r.<\/a><\/li>\n\n\n\n<li><a href=\"https:\/\/www.gov.pl\/web\/rodzina\/vii-wiadczenie-pielegnacyjne111\">&#8222;Stare&#8221; \u015bwiadczenie piel\u0119gnacyjne na zasadach obowi\u0105zuj\u0105cych do 31 grudnia 2023 r. <\/a><\/li>\n\n\n\n<li><a href=\"https:\/\/www.gov.pl\/web\/rodzina\/viii-wiadczenie-rodzicielskie111\">\u015awiadczenie rodzicielskie &#8211; wz\u00f3r wniosku obowi\u0105zuj\u0105cy od 19 marca 2025 r.<\/a><\/li>\n\n\n\n<li><a href=\"https:\/\/www.gov.pl\/web\/rodzina\/ix-jednorazowe-swiadczenie-z-tytulu-urodzenia-sie-dziecka-u-ktorego-zdiagnozowano111\">Jednorazowe \u015bwiadczenie z tytu\u0142u urodzenia si\u0119 dziecka, u kt\u00f3rego zdiagnozowano ci\u0119\u017ckie i nieodwracalne upo\u015bledzenie albo nieuleczaln\u0105 chorob\u0119 zagra\u017caj\u0105c\u0105 \u017cyciu, kt\u00f3re powsta\u0142y w prenatalnym okresie rozwoju dziecka lub w czasie porodu &#8211; Program &#8222;Za \u017byciem&#8221;<\/a><\/li>\n\n\n\n<li><a href=\"https:\/\/www.gov.pl\/web\/rodzina\/swiadczenia-z-funduszu-alimentacyjnego---wzor-wniosku-i-zalacznikow-do-stosowania-na-nowy-okres-20212022\">\u015awiadczenia z funduszu alimentacyjnego &#8211; wz\u00f3r wniosku do stosowania na okres 2025\/2026<\/a><\/li>\n<\/ul>\n\n\n\n<p>Powy\u017csze rekomendowane do wykorzystania wzory wniosk\u00f3w i za\u0142\u0105cznik\u00f3w do wniosk\u00f3w, dotycz\u0105ce \u015bwiadcze\u0144 rodzinnych oraz \u015bwiadcze\u0144 z funduszu alimentacyjnego, Minister w\u0142a\u015bciwy do spraw rodziny okre\u015bla i zamieszcza na podstawie art. 23 ust. 5d ustawy z dnia 28 listopada 2003 r. o \u015bwiadczeniach rodzinnych oraz art. 15 ust. 9a ustawy z dnia 7 wrze\u015bnia 2007 r. o pomocy osobom uprawnionym do aliment\u00f3w .<\/p>\n\n\n\n<hr class=\"wp-block-separator has-alpha-channel-opacity is-style-wide\"\/>\n\n\n\n<p><strong>Stypendia i zasi\u0142ki szkolne <\/strong><\/p>\n\n\n\n<ul class=\"wp-block-list\">\n<li><a href=\"https:\/\/ops.wladyslawowo.pl\/wp-content\/uploads\/2026\/03\/wniosek_stypendium_na_rok_szkolny_2025-2026.doc\">Wniosek o przyznanie stypendium szkolnego<\/a><\/li>\n\n\n\n<li><a href=\"https:\/\/ops.wladyslawowo.pl\/wp-content\/uploads\/2026\/03\/wniosek_zs.doc\">Wniosek o przyznanie zasi\u0142ku szkolnego<\/a><\/li>\n\n\n\n<li><a href=\"https:\/\/ops.wladyslawowo.pl\/wp-content\/uploads\/2026\/03\/konto-stypendia.pdf\">Pro\u015bba o przekazywanie \u015bwiadcze\u0144 na konto bankowe<\/a><\/li>\n<\/ul>\n\n\n\n<p><\/p>\n","protected":false},"excerpt":{"rendered":"<p>Pomoc spo\u0142eczna \u015awiadczenia rodzinne Powy\u017csze rekomendowane do wykorzystania wzory wniosk\u00f3w i za\u0142\u0105cznik\u00f3w do wniosk\u00f3w, dotycz\u0105ce \u015bwiadcze\u0144 rodzinnych oraz \u015bwiadcze\u0144 z [&hellip;]<\/p>\n","protected":false},"author":4,"featured_media":0,"parent":0,"menu_order":0,"comment_status":"closed","ping_status":"closed","template":"","meta":{"site-sidebar-layout":"default","site-content-layout":"","ast-site-content-layout":"default","site-content-style":"default","site-sidebar-style":"default","ast-global-header-display":"","ast-banner-title-visibility":"","ast-main-header-display":"","ast-hfb-above-header-display":"","ast-hfb-below-header-display":"","ast-hfb-mobile-header-display":"","site-post-title":"disabled","ast-breadcrumbs-content":"","ast-featured-img":"","footer-sml-layout":"","ast-disable-related-posts":"","theme-transparent-header-meta":"","adv-header-id-meta":"","stick-header-meta":"","header-above-stick-meta":"","header-main-stick-meta":"","header-below-stick-meta":"","astra-migrate-meta-layouts":"default","ast-page-background-enabled":"default","ast-page-background-meta":{"desktop":{"background-color":"var(--ast-global-color-5)","background-image":"","background-repeat":"repeat","background-position":"center center","background-size":"auto","background-attachment":"scroll","background-type":"","background-media":"","overlay-type":"","overlay-color":"","overlay-opacity":"","overlay-gradient":""},"tablet":{"background-color":"","background-image":"","background-repeat":"repeat","background-position":"center center","background-size":"auto","background-attachment":"scroll","background-type":"","background-media":"","overlay-type":"","overlay-color":"","overlay-opacity":"","overlay-gradient":""},"mobile":{"background-color":"","background-image":"","background-repeat":"repeat","background-position":"center center","background-size":"auto","background-attachment":"scroll","background-type":"","background-media":"","overlay-type":"","overlay-color":"","overlay-opacity":"","overlay-gradient":""}},"ast-content-background-meta":{"desktop":{"background-color":"var(--ast-global-color-4)","background-image":"","background-repeat":"repeat","background-position":"center center","background-size":"auto","background-attachment":"scroll","background-type":"","background-media":"","overlay-type":"","overlay-color":"","overlay-opacity":"","overlay-gradient":""},"tablet":{"background-color":"var(--ast-global-color-4)","background-image":"","background-repeat":"repeat","background-position":"center center","background-size":"auto","background-attachment":"scroll","background-type":"","background-media":"","overlay-type":"","overlay-color":"","overlay-opacity":"","overlay-gradient":""},"mobile":{"background-color":"var(--ast-global-color-4)","background-image":"","background-repeat":"repeat","background-position":"center center","background-size":"auto","background-attachment":"scroll","background-type":"","background-media":"","overlay-type":"","overlay-color":"","overlay-opacity":"","overlay-gradient":""}},"footnotes":""},"class_list":["post-279","page","type-page","status-publish","hentry"],"_links":{"self":[{"href":"https:\/\/ops.wladyslawowo.pl\/index.php\/wp-json\/wp\/v2\/pages\/279","targetHints":{"allow":["GET"]}}],"collection":[{"href":"https:\/\/ops.wladyslawowo.pl\/index.php\/wp-json\/wp\/v2\/pages"}],"about":[{"href":"https:\/\/ops.wladyslawowo.pl\/index.php\/wp-json\/wp\/v2\/types\/page"}],"author":[{"embeddable":true,"href":"https:\/\/ops.wladyslawowo.pl\/index.php\/wp-json\/wp\/v2\/users\/4"}],"replies":[{"embeddable":true,"href":"https:\/\/ops.wladyslawowo.pl\/index.php\/wp-json\/wp\/v2\/comments?post=279"}],"version-history":[{"count":8,"href":"https:\/\/ops.wladyslawowo.pl\/index.php\/wp-json\/wp\/v2\/pages\/279\/revisions"}],"predecessor-version":[{"id":342,"href":"https:\/\/ops.wladyslawowo.pl\/index.php\/wp-json\/wp\/v2\/pages\/279\/revisions\/342"}],"wp:attachment":[{"href":"https:\/\/ops.wladyslawowo.pl\/index.php\/wp-json\/wp\/v2\/media?parent=279"}],"curies":[{"name":"wp","href":"https:\/\/api.w.org\/{rel}","templated":true}]}}