{"id":261,"date":"2026-03-26T13:05:45","date_gmt":"2026-03-26T12:05:45","guid":{"rendered":"https:\/\/ops.wladyslawowo.pl\/?page_id=261"},"modified":"2026-03-26T13:05:45","modified_gmt":"2026-03-26T12:05:45","slug":"karta-duzej-rodziny","status":"publish","type":"page","link":"https:\/\/ops.wladyslawowo.pl\/index.php\/karta-duzej-rodziny\/","title":{"rendered":"Karta Du\u017cej Rodziny"},"content":{"rendered":"\n<h2 class=\"wp-block-heading\">Informacje podstawowe:<\/h2>\n\n\n\n<p>Karta Du\u017cej Rodziny to realna pomoc dla rodzin, kt\u00f3re mog\u0105 korzysta\u0107 z przygotowanych specjalnie dla nich zni\u017cek i ulg w Pa\u0144stwa instytucjach i przedsi\u0119biorstwach. Ide\u0105 Karty jest u\u0142atwienie rodzinom, przynajmniej z tr\u00f3jk\u0105 dzieci, dost\u0119pu do kultury, aktywnego sp\u0119dzania czasu oraz obni\u017cenie koszt\u00f3w codziennego \u017cycia (przyk\u0142adowo mog\u0105 to by\u0107 zni\u017cki na dokonywane zakupy w plac\u00f3wkach handlowych i us\u0142ugowych, zni\u017cki w przedszkolach niepublicznych, w niepublicznych plac\u00f3wkach medycznych, kulturalnych i obiektach sportowych, rabaty na nauk\u0119 w szko\u0142ach j\u0119zyk\u00f3w obcych, zni\u017cki przy korzystaniu z oferty lokali gastronomicznych, hoteli, pensjonat\u00f3w, aptek, zni\u017cki przy korzystaniu z us\u0142ug sektora turystycznego).<\/p>\n\n\n\n<h5 class=\"wp-block-heading\">Podstawa prawna<\/h5>\n\n\n\n<p>Szczeg\u00f3\u0142y realizacji programu zosta\u0142y okre\u015blone w Ustawie z dnia 5 grudnia 2014 r. o Karcie Du\u017cej Rodziny.<br><a href=\"https:\/\/isap.sejm.gov.pl\/isap.nsf\/download.xsp\/\/WDU20140001863\/U\/D20141863Lj.pdf\" rel=\"noreferrer noopener\" target=\"_blank\">Zapoznaj si\u0119 z ustaw\u0105 o Karcie Du\u017cej Rodziny<\/a><\/p>\n\n\n\n<p><a href=\"https:\/\/www.gov.pl\/web\/rodzina\/opis-ustawowych-znizek\" target=\"_blank\" rel=\"noreferrer noopener\">Lista zni\u017cek ustawowych przys\u0142uguj\u0105cych osobom posiadaj\u0105cym Kart\u0119 Du\u017cej Rodziny<\/a><\/p>\n\n\n\n<h2 class=\"wp-block-heading\">Prawo do posiadania Karty Du\u017cej Rodziny przys\u0142uguje:<\/h2>\n\n\n\n<ol class=\"wp-block-list\">\n<li>wszystkim rodzicom oraz ma\u0142\u017conkom rodzic\u00f3w, kt\u00f3rzy maj\u0105 lub mieli na utrzymaniu \u0142\u0105cznie co najmniej troje dzieci, przez rodzica rozumie si\u0119 tak\u017ce rodzica zast\u0119pczego lub osob\u0119 prowadz\u0105c\u0105 rodzinny dom dziecka<\/li>\n\n\n\n<li>dzieciom:\n<ul class=\"wp-block-list\">\n<li>w wieku do 18. roku \u017cycia,<\/li>\n\n\n\n<li>w wieku do 25. roku \u017cycia \u2013 w przypadku dzieci ucz\u0105cych si\u0119 w szkole lub szkole wy\u017cszej,<\/li>\n\n\n\n<li>bez ogranicze\u0144 wiekowych w przypadku dzieci legitymuj\u0105cych si\u0119 orzeczeniem o umiarkowanym lub znacznym stopniu niepe\u0142nosprawno\u015bci,<\/li>\n<\/ul>\n<\/li>\n<\/ol>\n\n\n\n<p><strong>ale tylko w przypadku, gdy w chwili sk\u0142adania wniosku w rodzinie jest co najmniej troje dzieci spe\u0142niaj\u0105cych powy\u017csze warunki.<\/strong><\/p>\n\n\n\n<p>Prawo do posiadania Karty Du\u017cej Rodziny nie przys\u0142uguje rodzicowi, kt\u00f3rego s\u0105d pozbawi\u0142 w\u0142adzy rodzicielskiej lub kt\u00f3remu s\u0105d ograniczy\u0142 w\u0142adz\u0119 rodzicielsk\u0105 przez umieszczenie dzieci w pieczy zast\u0119pczej.<\/p>\n\n\n\n<h2 class=\"wp-block-heading\">Jak uzyska\u0107 Kart\u0119 Du\u017cej Rodziny?<\/h2>\n\n\n\n<p>Mieszka\u0144cy gminy W\u0142adys\u0142awowo wnioski o Kart\u0119 Du\u017cej Rodziny mog\u0105 sk\u0142ada\u0107 w O\u015brodku Pomocy Spo\u0142ecznej, ul. gen. J. Hallera 19, pok. nr 11, tel. 586 745 474.<\/p>\n\n\n\n<p><a href=\"https:\/\/www.gov.pl\/web\/rodzina\/dokumenty-potrzebne-do-zlozenia-wniosku\" target=\"_blank\" rel=\"noreferrer noopener\">Dokumenty potrzebne do z\u0142o\u017cenia wniosku o przyznanie Karty Du\u017cej Rodziny.<\/a><\/p>\n\n\n\n<p>Do wniosku nale\u017cy do\u0142\u0105czy\u0107 orzeczenie o umiarkowanym albo znacznym stopniu niepe\u0142nosprawno\u015bci w przypadku dzieci w wieku powy\u017cej 18 roku \u017cycia.<\/p>\n\n\n\n<p>Karta Du\u017cej Rodziny przyznawana jest niezale\u017cnie od dochodu w rodzinie i jest wydawana bezp\u0142atnie, z wyj\u0105tkiem wniosku o wydanie duplikatu Karty \u2013 wtedy nale\u017cy ui\u015bci\u0107 op\u0142at\u0119 w wysoko\u015bci 9,56 z\u0142.<\/p>\n\n\n\n<p>Liczba instytucji i firm, kt\u00f3re zaoferuj\u0105 zni\u017cki rodzinom b\u0119dzie si\u0119 systematycznie powi\u0119ksza\u0107.<\/p>\n\n\n\n<p><a href=\"https:\/\/empatia.mpips.gov.pl\/web\/piu\/kdr\" target=\"_blank\" rel=\"noreferrer noopener\">Wyszukaj partner\u00f3w Karty Du\u017cej Rodziny<\/a><\/p>\n\n\n\n<p>Wszystkie miejsca oferuj\u0105ce zni\u017cki b\u0119d\u0105 opatrzone logo: \u201eTu honorujemy Kart\u0119 Du\u017cej Rodziny\u201d.<\/p>\n\n\n\n<figure class=\"wp-block-image\"><img decoding=\"async\" src=\"https:\/\/swiecie.eu\/wp-content\/uploads\/2021\/04\/tutaj-honorujemy.png\" alt=\"Tutaj honorujemy Kart\u0119 Du\u017cej Rodziny\" class=\"wp-image-15502\"\/><\/figure>\n","protected":false},"excerpt":{"rendered":"<p>Informacje podstawowe: Karta Du\u017cej Rodziny to realna pomoc dla rodzin, kt\u00f3re mog\u0105 korzysta\u0107 z przygotowanych specjalnie dla nich zni\u017cek i [&hellip;]<\/p>\n","protected":false},"author":4,"featured_media":0,"parent":0,"menu_order":0,"comment_status":"closed","ping_status":"closed","template":"","meta":{"site-sidebar-layout":"default","site-content-layout":"","ast-site-content-layout":"default","site-content-style":"default","site-sidebar-style":"default","ast-global-header-display":"","ast-banner-title-visibility":"","ast-main-header-display":"","ast-hfb-above-header-display":"","ast-hfb-below-header-display":"","ast-hfb-mobile-header-display":"","site-post-title":"","ast-breadcrumbs-content":"","ast-featured-img":"","footer-sml-layout":"","ast-disable-related-posts":"","theme-transparent-header-meta":"","adv-header-id-meta":"","stick-header-meta":"","header-above-stick-meta":"","header-main-stick-meta":"","header-below-stick-meta":"","astra-migrate-meta-layouts":"default","ast-page-background-enabled":"default","ast-page-background-meta":{"desktop":{"background-color":"var(--ast-global-color-5)","background-image":"","background-repeat":"repeat","background-position":"center center","background-size":"auto","background-attachment":"scroll","background-type":"","background-media":"","overlay-type":"","overlay-color":"","overlay-opacity":"","overlay-gradient":""},"tablet":{"background-color":"","background-image":"","background-repeat":"repeat","background-position":"center center","background-size":"auto","background-attachment":"scroll","background-type":"","background-media":"","overlay-type":"","overlay-color":"","overlay-opacity":"","overlay-gradient":""},"mobile":{"background-color":"","background-image":"","background-repeat":"repeat","background-position":"center center","background-size":"auto","background-attachment":"scroll","background-type":"","background-media":"","overlay-type":"","overlay-color":"","overlay-opacity":"","overlay-gradient":""}},"ast-content-background-meta":{"desktop":{"background-color":"var(--ast-global-color-4)","background-image":"","background-repeat":"repeat","background-position":"center center","background-size":"auto","background-attachment":"scroll","background-type":"","background-media":"","overlay-type":"","overlay-color":"","overlay-opacity":"","overlay-gradient":""},"tablet":{"background-color":"var(--ast-global-color-4)","background-image":"","background-repeat":"repeat","background-position":"center center","background-size":"auto","background-attachment":"scroll","background-type":"","background-media":"","overlay-type":"","overlay-color":"","overlay-opacity":"","overlay-gradient":""},"mobile":{"background-color":"var(--ast-global-color-4)","background-image":"","background-repeat":"repeat","background-position":"center center","background-size":"auto","background-attachment":"scroll","background-type":"","background-media":"","overlay-type":"","overlay-color":"","overlay-opacity":"","overlay-gradient":""}},"footnotes":""},"class_list":["post-261","page","type-page","status-publish","hentry"],"_links":{"self":[{"href":"https:\/\/ops.wladyslawowo.pl\/index.php\/wp-json\/wp\/v2\/pages\/261","targetHints":{"allow":["GET"]}}],"collection":[{"href":"https:\/\/ops.wladyslawowo.pl\/index.php\/wp-json\/wp\/v2\/pages"}],"about":[{"href":"https:\/\/ops.wladyslawowo.pl\/index.php\/wp-json\/wp\/v2\/types\/page"}],"author":[{"embeddable":true,"href":"https:\/\/ops.wladyslawowo.pl\/index.php\/wp-json\/wp\/v2\/users\/4"}],"replies":[{"embeddable":true,"href":"https:\/\/ops.wladyslawowo.pl\/index.php\/wp-json\/wp\/v2\/comments?post=261"}],"version-history":[{"count":1,"href":"https:\/\/ops.wladyslawowo.pl\/index.php\/wp-json\/wp\/v2\/pages\/261\/revisions"}],"predecessor-version":[{"id":269,"href":"https:\/\/ops.wladyslawowo.pl\/index.php\/wp-json\/wp\/v2\/pages\/261\/revisions\/269"}],"wp:attachment":[{"href":"https:\/\/ops.wladyslawowo.pl\/index.php\/wp-json\/wp\/v2\/media?parent=261"}],"curies":[{"name":"wp","href":"https:\/\/api.w.org\/{rel}","templated":true}]}}