{"id":249,"date":"2026-03-26T12:50:41","date_gmt":"2026-03-26T11:50:41","guid":{"rendered":"https:\/\/ops.wladyslawowo.pl\/?page_id=249"},"modified":"2026-03-26T12:50:41","modified_gmt":"2026-03-26T11:50:41","slug":"bank-zywnosci","status":"publish","type":"page","link":"https:\/\/ops.wladyslawowo.pl\/index.php\/bank-zywnosci\/","title":{"rendered":"bank \u017cywno\u015bci"},"content":{"rendered":"\n<h1 class=\"wp-block-heading has-medium-font-size\" style=\"margin-top:var(--wp--preset--spacing--30);margin-right:0;margin-bottom:var(--wp--preset--spacing--30);margin-left:0\">Program Fundusze Europejskie na Pomoc \u017bywno\u015bciow\u0105 2021-2027 Podprogram 2025<\/h1>\n\n\n\n<p>Przez <a href=\"https:\/\/ops.wladyslawowo.pl\/index.php\/author\/a-barzowskaops-wladyslawowo-pl\/?customize_changeset_uuid=f9bbc9c0-6c07-42c5-968e-23c905be0763&amp;customize_messenger_channel=preview-4\">Alicja Barzowska<\/a> \/ 2026-02-25<\/p>\n\n\n\n<figure class=\"wp-block-image is-resized\"><img loading=\"lazy\" decoding=\"async\" width=\"1024\" height=\"143\" src=\"https:\/\/ops.wladyslawowo.pl\/wp-content\/uploads\/2026\/02\/FEPZ_RP_UE_RGB-1.jpg\" alt=\"\" class=\"wp-image-116\" style=\"aspect-ratio:7.160883280757098;width:914px;height:auto\" srcset=\"https:\/\/ops.wladyslawowo.pl\/wp-content\/uploads\/2026\/02\/FEPZ_RP_UE_RGB-1.jpg 1024w, https:\/\/ops.wladyslawowo.pl\/wp-content\/uploads\/2026\/02\/FEPZ_RP_UE_RGB-1-300x42.jpg 300w, https:\/\/ops.wladyslawowo.pl\/wp-content\/uploads\/2026\/02\/FEPZ_RP_UE_RGB-1-768x107.jpg 768w\" sizes=\"auto, (max-width: 1024px) 100vw, 1024px\" \/><\/figure>\n\n\n\n<p><strong>Program Fundusze Europejskie na Pomoc \u017bywno\u015bciow\u0105 2021-2027 Podprogram 2025 jest wsp\u00f3\u0142finasowany z Europejskiego Funduszu Spo\u0142ecznego+<\/strong>.&nbsp;<\/p>\n\n\n\n<p>Program realizowany jest w okresie 01.2026 \u2013 09.2026. Dystrybucja artyku\u0142\u00f3w spo\u017cywczych do os\u00f3b potrzebuj\u0105cych planowana jest w okresie od marca do wrze\u015bnia 2026.&nbsp;<\/p>\n\n\n\n<p><strong>Cel programu:<\/strong>&nbsp;&nbsp;<\/p>\n\n\n\n<ul class=\"wp-block-list\">\n<li>przeciwdzia\u0142anie deprywacji materialnej przez udzielanie pomocy \u017cywno\u015bciowej osobom najbardziej potrzebuj\u0105cym oraz zapewnianie \u015brodk\u00f3w towarzysz\u0105cych, wspieraj\u0105cych ich w\u0142\u0105czenie spo\u0142eczne.&nbsp;&nbsp;&nbsp;<\/li>\n<\/ul>\n\n\n\n<p><strong>Zadania i dzia\u0142ania realizowane w programie:&nbsp;<\/strong>&nbsp;&nbsp;<\/p>\n\n\n\n<ol start=\"1\" class=\"wp-block-list\">\n<li><strong>Organizacja i koordynacja sieci dystrybucji pomocy \u017cywno\u015bciowej<\/strong>&nbsp;sk\u0142adaj\u0105cej si\u0119 z organizacji partnerskich regionalnych i lokalnych;&nbsp;&nbsp;&nbsp;<\/li>\n\n\n\n<li><strong>Racjonalne zagospodarowanie artyku\u0142\u00f3w spo\u017cywczych&nbsp;<\/strong>otrzymanych z OPR oraz z innych \u017ar\u00f3de\u0142, na potrzeby udzielania pomocy \u017cywno\u015bciowej osobom najbardziej potrzebuj\u0105cym;&nbsp;&nbsp;&nbsp;<\/li>\n\n\n\n<li><strong>Przekazanie artyku\u0142\u00f3w spo\u017cywczych osobom potrzebuj\u0105cym<\/strong>&nbsp;(ubogim, rodzinom wielodzietnym, osobom w kryzysie bezdomno\u015bci, migrantom \u2013 zgodnie z art. 7 Ustawy i pomocy spo\u0142ecznej), zakwalifikowanym do otrzymania pomocy \u017cywno\u015bciowej przez O\u015brodek Pomocy Spo\u0142ecznej&nbsp;&nbsp;&nbsp;<\/li>\n\n\n\n<li><strong>Prowadzenie dzia\u0142a\u0144 w ramach \u015brodk\u00f3w towarzysz\u0105cych&nbsp;<\/strong>w\u015br\u00f3d os\u00f3b najbardziej potrzebuj\u0105cych, zakwalifikowanych do obj\u0119cia pomoc\u0105 \u017cywno\u015bciow\u0105, maj\u0105cych na celu w\u0142\u0105czenie spo\u0142eczne;&nbsp;&nbsp;&nbsp;<\/li>\n\n\n\n<li><strong>Przeciwdzia\u0142anie marnowaniu \u017cywno\u015bci<\/strong>&nbsp;poprzez udost\u0119pnienie osobom zakwalifikowanym do otrzymania pomocy \u017cywno\u015bciowej zgodnie z&nbsp;zasadami Programu dodatkowej \u017cywno\u015bci pochodz\u0105cej z darowizn.&nbsp;&nbsp;&nbsp;<\/li>\n<\/ol>\n\n\n\n<p><strong>Grupa docelowa:<\/strong>&nbsp;&nbsp;<\/p>\n\n\n\n<p>Z pomocy \u017cywno\u015bciowej mog\u0105 skorzysta\u0107 osoby i rodziny znajduj\u0105ce si\u0119 w trudnej sytuacji \u017cyciowej, spe\u0142niaj\u0105ce kryteria: &nbsp;&nbsp;<\/p>\n\n\n\n<ul class=\"wp-block-list\">\n<li>przynajmniej jedn\u0105 z przes\u0142anek z art. 7 Ustawy o pomocy spo\u0142ecznej;\u202f&nbsp;&nbsp;<\/li>\n\n\n\n<li>kryteria dochodowe wynosz\u0105 odpowiednio&nbsp;<strong>2 676,50 PLN dla osoby samotnie gospodaruj\u0105cej i 2 180,95 PLN dla osoby w rodzinie.<\/strong>&nbsp;&nbsp;<\/li>\n<\/ul>\n\n\n\n<p>Aby zweryfikowa\u0107 prawo do skorzystania ze wsparcia i otrzyma\u0107 skierowanie trzeba zg\u0142osi\u0107 si\u0119 do O\u015brodka Pomocy Spo\u0142ecznej we W\u0142adys\u0142awowie.<\/p>\n\n\n\n<p class=\"has-medium-font-size\">Pracownicy socjalni przyjmuj\u0105 <strong>od poniedzia\u0142ku do \u015brody i w pi\u0105tki w godz. 7.30 \u2013 10.00, w czwartki od godz. 13.00 do 15.30.<\/strong><\/p>\n\n\n\n<p><\/p>\n","protected":false},"excerpt":{"rendered":"<p>Program Fundusze Europejskie na Pomoc \u017bywno\u015bciow\u0105 2021-2027 Podprogram 2025 Przez Alicja Barzowska \/ 2026-02-25 Program Fundusze Europejskie na Pomoc \u017bywno\u015bciow\u0105 [&hellip;]<\/p>\n","protected":false},"author":4,"featured_media":0,"parent":0,"menu_order":0,"comment_status":"closed","ping_status":"closed","template":"","meta":{"site-sidebar-layout":"default","site-content-layout":"","ast-site-content-layout":"default","site-content-style":"default","site-sidebar-style":"default","ast-global-header-display":"","ast-banner-title-visibility":"","ast-main-header-display":"","ast-hfb-above-header-display":"","ast-hfb-below-header-display":"","ast-hfb-mobile-header-display":"","site-post-title":"disabled","ast-breadcrumbs-content":"","ast-featured-img":"","footer-sml-layout":"","ast-disable-related-posts":"","theme-transparent-header-meta":"","adv-header-id-meta":"","stick-header-meta":"","header-above-stick-meta":"","header-main-stick-meta":"","header-below-stick-meta":"","astra-migrate-meta-layouts":"default","ast-page-background-enabled":"default","ast-page-background-meta":{"desktop":{"background-color":"var(--ast-global-color-5)","background-image":"","background-repeat":"repeat","background-position":"center center","background-size":"auto","background-attachment":"scroll","background-type":"","background-media":"","overlay-type":"","overlay-color":"","overlay-opacity":"","overlay-gradient":""},"tablet":{"background-color":"","background-image":"","background-repeat":"repeat","background-position":"center center","background-size":"auto","background-attachment":"scroll","background-type":"","background-media":"","overlay-type":"","overlay-color":"","overlay-opacity":"","overlay-gradient":""},"mobile":{"background-color":"","background-image":"","background-repeat":"repeat","background-position":"center center","background-size":"auto","background-attachment":"scroll","background-type":"","background-media":"","overlay-type":"","overlay-color":"","overlay-opacity":"","overlay-gradient":""}},"ast-content-background-meta":{"desktop":{"background-color":"var(--ast-global-color-4)","background-image":"","background-repeat":"repeat","background-position":"center center","background-size":"auto","background-attachment":"scroll","background-type":"","background-media":"","overlay-type":"","overlay-color":"","overlay-opacity":"","overlay-gradient":""},"tablet":{"background-color":"var(--ast-global-color-4)","background-image":"","background-repeat":"repeat","background-position":"center center","background-size":"auto","background-attachment":"scroll","background-type":"","background-media":"","overlay-type":"","overlay-color":"","overlay-opacity":"","overlay-gradient":""},"mobile":{"background-color":"var(--ast-global-color-4)","background-image":"","background-repeat":"repeat","background-position":"center center","background-size":"auto","background-attachment":"scroll","background-type":"","background-media":"","overlay-type":"","overlay-color":"","overlay-opacity":"","overlay-gradient":""}},"footnotes":""},"class_list":["post-249","page","type-page","status-publish","hentry"],"_links":{"self":[{"href":"https:\/\/ops.wladyslawowo.pl\/index.php\/wp-json\/wp\/v2\/pages\/249","targetHints":{"allow":["GET"]}}],"collection":[{"href":"https:\/\/ops.wladyslawowo.pl\/index.php\/wp-json\/wp\/v2\/pages"}],"about":[{"href":"https:\/\/ops.wladyslawowo.pl\/index.php\/wp-json\/wp\/v2\/types\/page"}],"author":[{"embeddable":true,"href":"https:\/\/ops.wladyslawowo.pl\/index.php\/wp-json\/wp\/v2\/users\/4"}],"replies":[{"embeddable":true,"href":"https:\/\/ops.wladyslawowo.pl\/index.php\/wp-json\/wp\/v2\/comments?post=249"}],"version-history":[{"count":3,"href":"https:\/\/ops.wladyslawowo.pl\/index.php\/wp-json\/wp\/v2\/pages\/249\/revisions"}],"predecessor-version":[{"id":329,"href":"https:\/\/ops.wladyslawowo.pl\/index.php\/wp-json\/wp\/v2\/pages\/249\/revisions\/329"}],"wp:attachment":[{"href":"https:\/\/ops.wladyslawowo.pl\/index.php\/wp-json\/wp\/v2\/media?parent=249"}],"curies":[{"name":"wp","href":"https:\/\/api.w.org\/{rel}","templated":true}]}}