{"id":236,"date":"2026-03-26T13:05:45","date_gmt":"2026-03-26T12:05:45","guid":{"rendered":"https:\/\/ops.wladyslawowo.pl\/?page_id=236"},"modified":"2026-03-27T15:03:42","modified_gmt":"2026-03-27T14:03:42","slug":"zaswiadczenie-do-programu-czyste-powietrze","status":"publish","type":"page","link":"https:\/\/ops.wladyslawowo.pl\/index.php\/zaswiadczenie-do-programu-czyste-powietrze\/","title":{"rendered":"za\u015bwiadczenie do programu CZYSTE POWIETRZE"},"content":{"rendered":"\n<p>Osoba fizyczna, kt\u00f3ra zamierza z\u0142o\u017cy\u0107 wniosek o przyznanie dofinansowania z Narodowego Funduszu lub wojew\u00f3dzkiego funduszu, mo\u017ce z\u0142o\u017cy\u0107 \u017c\u0105danie wydania za\u015bwiadczenia o wysoko\u015bci przeci\u0119tnego miesi\u0119cznego dochodu przypadaj\u0105cego na jednego cz\u0142onka jej gospodarstwa domowego. Za\u015bwiadczenie wydaje w\u00f3jt, burmistrz lub prezydent miasta w\u0142a\u015bciwy ze wzgl\u0119du na miejsce zamieszkania osoby fizycznej. Dochodem, o kt\u00f3rym mowa w ust. 10g ustawy z dnia 27 kwietnia 2001 r. Prawo ochrony \u015brodowiska (tekst jedn. z 2020r., poz. 1219 z p\u00f3\u017an. zm.) jest doch\u00f3d w rozumieniu art. 3 pkt 1 ustawy z dnia 28 listopada 2003 r. o \u015bwiadczeniach rodzinnych (Dz. U. z 2020 r. poz. 111 z p\u00f3\u017an. zm.). &nbsp;<\/p>\n\n\n\n<p>Gospodarstwo domowe tworz\u0105:<\/p>\n\n\n\n<p>1)&nbsp;&nbsp; osoba fizyczna, samotnie zamieszkuj\u0105ca i gospodaruj\u0105ca (gospodarstwo domowe jednoosobowe), albo<\/p>\n\n\n\n<p>2)&nbsp;&nbsp; osoba fizyczna oraz osoby z ni\u0105 spokrewnione lub niespokrewnione pozostaj\u0105ce w faktycznym&nbsp; zwi\u0105zku,&nbsp; wsp\u00f3lnie&nbsp; z ni\u0105&nbsp; zamieszkuj\u0105ce&nbsp; i gospodaruj\u0105ce&nbsp; (gospodarstwo&nbsp; domowe&nbsp; wieloosobowe).<\/p>\n\n\n\n<p>Wysoko\u015b\u0107 przeci\u0119tnego miesi\u0119cznego dochodu ustalana jest na podstawie dochod\u00f3w osi\u0105gni\u0119tych w:<\/p>\n\n\n\n<p>1) przedostatnim roku kalendarzowym poprzedzaj\u0105cym rok, w kt\u00f3rym z\u0142o\u017cono \u017c\u0105danie wydania za\u015bwiadczenia&nbsp; \u2013&nbsp; w przypadku&nbsp; \u017c\u0105dania&nbsp; z\u0142o\u017conego&nbsp; w okresie&nbsp; od&nbsp; dnia&nbsp; 1 stycznia&nbsp; do&nbsp; dnia 31 lipca danego roku;<\/p>\n\n\n\n<p>2) ostatnim roku kalendarzowym poprzedzaj\u0105cym rok, w kt\u00f3rym z\u0142o\u017cono \u017c\u0105danie wydania za\u015bwiadczenia \u2013 w przypadku \u017c\u0105dania z\u0142o\u017conego w okresie od dnia 1 sierpnia do dnia 31 grudnia danego roku.<\/p>\n\n\n\n<p>Do ustalania wysoko\u015bci przeci\u0119tnego miesi\u0119cznego dochodu z gospodarstwa rolnego stosuje si\u0119 przepisy art. 5 ust. 8\u20139 ustawy z dnia 28 listopada 2003 r. o \u015bwiadczeniach rodzinnych, przy czym ilekro\u0107 w tych przepisach mowa jest o:<\/p>\n\n\n\n<p>1) rodzinie \u2013 rozumie si\u0119 przez to gospodarstwo domowe, o kt\u00f3rym mowa w art. 411 ust. 10j ustawy Prawo ochrony \u015brodowiska,<\/p>\n\n\n\n<p>2) gospodarstwie rolnym \u2013 rozumie si\u0119 przez to gospodarstwo rolne, o kt\u00f3rym mowa w art. 2 ust. 1 ustawy z dnia 15 listopada 1984 r. o podatku rolnym (Dz. U. z 2020r. poz. 333).<\/p>\n\n\n\n<p>Do ustalania wysoko\u015bci przeci\u0119tnego miesi\u0119cznego dochodu z dzia\u0142alno\u015bci podlegaj\u0105cej opodatkowaniu na podstawie przepis\u00f3w o zrycza\u0142towanym podatku dochodowym od niekt\u00f3rych przychod\u00f3w osi\u0105ganych przez osoby fizyczne stosuje si\u0119 odpowiednio przepis art. 5 ust. 7a ustawy z dnia 28 listopada 2003 r. o \u015bwiadczeniach rodzinny.<\/p>\n\n\n\n<p>\u017b\u0105daj\u0105c wydania za\u015bwiadczenia osoba fizyczna sk\u0142ada o\u015bwiadczenie potwierdzaj\u0105ce, \u017ce Narodowy Fundusz lub wojew\u00f3dzki fundusz wymaga za\u015bwiadczenia w celu przyznania dofinansowania.<\/p>\n","protected":false},"excerpt":{"rendered":"<p>Osoba fizyczna, kt\u00f3ra zamierza z\u0142o\u017cy\u0107 wniosek o przyznanie dofinansowania z Narodowego Funduszu lub wojew\u00f3dzkiego funduszu, mo\u017ce z\u0142o\u017cy\u0107 \u017c\u0105danie wydania za\u015bwiadczenia [&hellip;]<\/p>\n","protected":false},"author":4,"featured_media":0,"parent":0,"menu_order":0,"comment_status":"closed","ping_status":"closed","template":"","meta":{"site-sidebar-layout":"default","site-content-layout":"","ast-site-content-layout":"default","site-content-style":"default","site-sidebar-style":"default","ast-global-header-display":"","ast-banner-title-visibility":"","ast-main-header-display":"","ast-hfb-above-header-display":"","ast-hfb-below-header-display":"","ast-hfb-mobile-header-display":"","site-post-title":"","ast-breadcrumbs-content":"","ast-featured-img":"","footer-sml-layout":"","ast-disable-related-posts":"","theme-transparent-header-meta":"","adv-header-id-meta":"","stick-header-meta":"","header-above-stick-meta":"","header-main-stick-meta":"","header-below-stick-meta":"","astra-migrate-meta-layouts":"default","ast-page-background-enabled":"default","ast-page-background-meta":{"desktop":{"background-color":"var(--ast-global-color-5)","background-image":"","background-repeat":"repeat","background-position":"center center","background-size":"auto","background-attachment":"scroll","background-type":"","background-media":"","overlay-type":"","overlay-color":"","overlay-opacity":"","overlay-gradient":""},"tablet":{"background-color":"","background-image":"","background-repeat":"repeat","background-position":"center center","background-size":"auto","background-attachment":"scroll","background-type":"","background-media":"","overlay-type":"","overlay-color":"","overlay-opacity":"","overlay-gradient":""},"mobile":{"background-color":"","background-image":"","background-repeat":"repeat","background-position":"center center","background-size":"auto","background-attachment":"scroll","background-type":"","background-media":"","overlay-type":"","overlay-color":"","overlay-opacity":"","overlay-gradient":""}},"ast-content-background-meta":{"desktop":{"background-color":"var(--ast-global-color-4)","background-image":"","background-repeat":"repeat","background-position":"center center","background-size":"auto","background-attachment":"scroll","background-type":"","background-media":"","overlay-type":"","overlay-color":"","overlay-opacity":"","overlay-gradient":""},"tablet":{"background-color":"var(--ast-global-color-4)","background-image":"","background-repeat":"repeat","background-position":"center center","background-size":"auto","background-attachment":"scroll","background-type":"","background-media":"","overlay-type":"","overlay-color":"","overlay-opacity":"","overlay-gradient":""},"mobile":{"background-color":"var(--ast-global-color-4)","background-image":"","background-repeat":"repeat","background-position":"center center","background-size":"auto","background-attachment":"scroll","background-type":"","background-media":"","overlay-type":"","overlay-color":"","overlay-opacity":"","overlay-gradient":""}},"footnotes":""},"class_list":["post-236","page","type-page","status-publish","hentry"],"_links":{"self":[{"href":"https:\/\/ops.wladyslawowo.pl\/index.php\/wp-json\/wp\/v2\/pages\/236","targetHints":{"allow":["GET"]}}],"collection":[{"href":"https:\/\/ops.wladyslawowo.pl\/index.php\/wp-json\/wp\/v2\/pages"}],"about":[{"href":"https:\/\/ops.wladyslawowo.pl\/index.php\/wp-json\/wp\/v2\/types\/page"}],"author":[{"embeddable":true,"href":"https:\/\/ops.wladyslawowo.pl\/index.php\/wp-json\/wp\/v2\/users\/4"}],"replies":[{"embeddable":true,"href":"https:\/\/ops.wladyslawowo.pl\/index.php\/wp-json\/wp\/v2\/comments?post=236"}],"version-history":[{"count":2,"href":"https:\/\/ops.wladyslawowo.pl\/index.php\/wp-json\/wp\/v2\/pages\/236\/revisions"}],"predecessor-version":[{"id":397,"href":"https:\/\/ops.wladyslawowo.pl\/index.php\/wp-json\/wp\/v2\/pages\/236\/revisions\/397"}],"wp:attachment":[{"href":"https:\/\/ops.wladyslawowo.pl\/index.php\/wp-json\/wp\/v2\/media?parent=236"}],"curies":[{"name":"wp","href":"https:\/\/api.w.org\/{rel}","templated":true}]}}