{"id":233,"date":"2026-03-26T12:43:07","date_gmt":"2026-03-26T11:43:07","guid":{"rendered":"https:\/\/ops.wladyslawowo.pl\/?page_id=233"},"modified":"2026-03-26T12:43:07","modified_gmt":"2026-03-26T11:43:07","slug":"fundusz-alimentacyjny","status":"publish","type":"page","link":"https:\/\/ops.wladyslawowo.pl\/index.php\/fundusz-alimentacyjny\/","title":{"rendered":"Fundusz alimentacyjny"},"content":{"rendered":"\n<h1 class=\"wp-block-heading has-medium-font-size\">post\u0119powanie wobec d\u0142u\u017cnik\u00f3w alimentacyjnych<\/h1>\n\n\n\n<p>Dzia\u0142ania wobec d\u0142u\u017cnik\u00f3w alimentacyjnych podejmowane s\u0105 na wniosek organu w\u0142a\u015bciwego wierzyciela tj. w\u00f3jta, burmistrza lub prezydenta miasta w\u0142a\u015bciwego ze wzgl\u0119du na miejsce zamieszkania osoby uprawnionej je\u015bli:<\/p>\n\n\n\n<p>\u2013 osobie uprawnionej zosta\u0142o przyznane prawo do \u015bwiadczenia z funduszu alimentacyjnego;<\/p>\n\n\n\n<p>\u2013 osoba uprawniona do \u015bwiadczenia alimentacyjnego od rodzica lub jej przedstawiciel ustawowy z\u0142o\u017cy do organu w\u0142a\u015bciwego wierzyciela wniosek o podj\u0119cie dzia\u0142a\u0144 wobec d\u0142u\u017cnika alimentacyjnego;<\/p>\n\n\n\n<p>\u2013 osoba uprawniona zosta\u0142a umieszczona w pieczy zast\u0119pczej.<\/p>\n\n\n\n<p><br>W przypadku bezskuteczno\u015bci egzekucji osoba uprawniona do \u015bwiadczenia alimentacyjnego od rodzica lub jej przedstawiciel ustawowy mo\u017ce z\u0142o\u017cy\u0107 do organu w\u0142a\u015bciwego wierzyciela wniosek o podj\u0119cie dzia\u0142a\u0144 wobec d\u0142u\u017cnika alimentacyjnego. Prawo to przys\u0142uguje niezale\u017cnie od tego, czy w sprawie jest wyp\u0142acane \u015bwiadczenie z funduszu alimentacyjnego.<br>Do wniosku nale\u017cy do\u0142\u0105czy\u0107 za\u015bwiadczenie organu prowadz\u0105cego post\u0119powanie egzekucyjne o bezskuteczno\u015bci egzekucji zawieraj\u0105ce informacj\u0119 o stanie egzekucji, przyczynach jej bezskuteczno\u015bci oraz o dzia\u0142aniach podejmowanych w celu wyegzekwowania zas\u0105dzonych aliment\u00f3w.<\/p>\n\n\n\n<p><br>Organ w\u0142a\u015bciwy d\u0142u\u017cnika przeprowadza wywiad alimentacyjny, w celu ustalenia sytuacji rodzinnej, dochodowej i zawodowej d\u0142u\u017cnika alimentacyjnego, a tak\u017ce jego stanu zdrowia oraz przyczyn nie\u0142o\u017cenia na utrzymanie osoby uprawnionej oraz odbiera od niego o\u015bwiadczenie maj\u0105tkowe.<br><br>Organ w\u0142a\u015bciwy d\u0142u\u017cnika przekazuje komornikowi s\u0105dowemu informacje maj\u0105ce wp\u0142yw na skuteczno\u015b\u0107 prowadzonej egzekucji, w szczeg\u00f3lno\u015bci zawarte w wywiadzie alimentacyjnym oraz o\u015bwiadczeniu maj\u0105tkowym d\u0142u\u017cnika alimentacyjnego.<br><br>W przypadku gdy d\u0142u\u017cnik alimentacyjny nie mo\u017ce wywi\u0105za\u0107 si\u0119 ze swoich zobowi\u0105za\u0144 z powodu braku zatrudnienia, organ w\u0142a\u015bciwy d\u0142u\u017cnika zobowi\u0105zuje go do zarejestrowania si\u0119 jako bezrobotny albo jako poszukuj\u0105cy pracy w przypadku braku mo\u017cliwo\u015bci zarejestrowania si\u0119 jako bezrobotny oraz informuje w\u0142a\u015bciwy powiatowy urz\u0105d pracy o potrzebie aktywizacji zawodowej d\u0142u\u017cnika.<br><br>Je\u017celi d\u0142u\u017cnik alimentacyjny uniemo\u017cliwia przeprowadzenie wywiadu alimentacyjnego lub odm\u00f3wi\u0142:<\/p>\n\n\n\n<p>\u2013 z\u0142o\u017cenia o\u015bwiadczenia maj\u0105tkowego,<\/p>\n\n\n\n<p>\u2013 zarejestrowania si\u0119 w powiatowym urz\u0119dzie pracy jako bezrobotny albo poszukuj\u0105cy pracy,<\/p>\n\n\n\n<p>\u2013 bez uzasadnionej przyczyny, w rozumieniu przepis\u00f3w o promocji zatrudnienia i instytucjach rynku pracy, przyj\u0119cia propozycji odpowiedniego zatrudnienia lub innej pracy zarobkowej, wykonywania prac spo\u0142ecznie u\u017cytecznych, prac interwencyjnych, rob\u00f3t publicznych, prac na zasadach rob\u00f3t publicznych albo udzia\u0142u w szkoleniu, sta\u017cu lub przygotowaniu zawodowym doros\u0142ych<\/p>\n\n\n\n<p>organ w\u0142a\u015bciwy d\u0142u\u017cnika wszczyna post\u0119powanie dotycz\u0105ce uznania d\u0142u\u017cnika za uchylaj\u0105cego si\u0119 od zobowi\u0105za\u0144 alimentacyjnych.<br><br>Decyzji o uznaniu d\u0142u\u017cnika alimentacyjnego za uchylaj\u0105cego si\u0119 od zobowi\u0105za\u0144 alimentacyjnych nie wydaje sie wobec d\u0142u\u017cnika, kt\u00f3ry przez okres 6 ostatnich miesi\u0119cy wywi\u0105zywa\u0142 si\u0119 w ka\u017cdym miesi\u0105cu ze zobowi\u0105za\u0144 alimentacyjnych w kwocie nie ni\u017cszej ni\u017c 50% kwoty bie\u017c\u0105co ustalonych w tytule wykonawczym aliment\u00f3w.<br><br>Gdy decyzja o uznaniu d\u0142u\u017cnika za uchylaj\u0105cego si\u0119 od zobowi\u0105za\u0144 alimentacyjnych stanie sie ostateczna, organ w\u0142a\u015bciwy d\u0142u\u017cnika:<\/p>\n\n\n\n<p>\u2013 sk\u0142ada wniosek o \u015bciganie d\u0142u\u017cnika za przest\u0119pstwo okre\u015blone w art. 209 \u00a7 1 ustawy z dnia 6 czerwca 1997 r. \u2013 Kodeks karny oraz<\/p>\n\n\n\n<p>\u2013 kieruje wniosek do starosty o zatrzymanie prawa jazdy d\u0142u\u017cnika alimentacyjnego.<\/p>\n\n\n\n<p><br><strong>Czynno\u015bci podejmowane przez organ wyp\u0142acaj\u0105cy \u015bwiadczenie&nbsp;z funduszu alimentacyjnego&nbsp; w odniesieniu do d\u0142u\u017cnik\u00f3w alimentacyjnych<\/strong><br><br>D\u0142u\u017cnik alimentacyjny jest zobowi\u0105zany do zwrotu organowi w\u0142a\u015bciwemu wierzyciela nale\u017cno\u015bci w wysoko\u015bci \u015bwiadcze\u0144 wyp\u0142aconych z funduszu alimentacyjnego osobie uprawnionej, \u0142\u0105cznie z odsetkami ustawowymi za op\u00f3\u017anienie. Odsetki s\u0105 naliczane od pierwszego dnia nast\u0119puj\u0105cego po dniu wyp\u0142aty \u015bwiadcze\u0144 z funduszu alimentacyjnego, do dnia sp\u0142aty.<br><br><br>Organ w\u0142a\u015bciwy wierzyciela przekazuje d\u0142u\u017cnikowi alimentacyjnemu:<\/p>\n\n\n\n<ol start=\"1\" class=\"wp-block-list\">\n<li>informacj\u0119 o przyznaniu osobie uprawnionej \u015bwiadcze\u0144 z funduszu alimentacyjnego;<\/li>\n\n\n\n<li>informacj\u0119 o wysoko\u015bci zobowi\u0105za\u0144 d\u0142u\u017cnika alimentacyjnego wobec Skarbu Pa\u0144stwa z tytu\u0142u:<\/li>\n<\/ol>\n\n\n\n<p>\u2013 wyp\u0142aconych osobie uprawnionej \u015bwiadcze\u0144 z funduszu alimentacyjnego na podstawie ustawy o pomocy osobom uprawnionym do aliment\u00f3w,<\/p>\n\n\n\n<p>\u2013 wyp\u0142aconych osobie uprawnionej na podstawie ustawy z dnia 22 kwietnia 2005 r. o post\u0119powaniu wobec d\u0142u\u017cnik\u00f3w alimentacyjnych oraz zaliczce alimentacyjnej (Dz. U. Nr 86, poz. 732 i Nr 164, poz. 1366) zaliczek alimentacyjnych,<\/p>\n\n\n\n<p>\u2013 wyp\u0142aconych na podstawie ustawy z dnia 18 lipca 1974 r. o funduszu alimentacyjnym (Dz. U. z 1991 r. Nr 45, poz. 200, z p\u00f3\u017an. zm.) \u015bwiadcze\u0144 z funduszu alimentacyjnego.<\/p>\n","protected":false},"excerpt":{"rendered":"<p>post\u0119powanie wobec d\u0142u\u017cnik\u00f3w alimentacyjnych Dzia\u0142ania wobec d\u0142u\u017cnik\u00f3w alimentacyjnych podejmowane s\u0105 na wniosek organu w\u0142a\u015bciwego wierzyciela tj. w\u00f3jta, burmistrza lub prezydenta [&hellip;]<\/p>\n","protected":false},"author":4,"featured_media":0,"parent":0,"menu_order":0,"comment_status":"closed","ping_status":"closed","template":"","meta":{"site-sidebar-layout":"default","site-content-layout":"","ast-site-content-layout":"default","site-content-style":"default","site-sidebar-style":"default","ast-global-header-display":"","ast-banner-title-visibility":"","ast-main-header-display":"","ast-hfb-above-header-display":"","ast-hfb-below-header-display":"","ast-hfb-mobile-header-display":"","site-post-title":"","ast-breadcrumbs-content":"","ast-featured-img":"","footer-sml-layout":"","ast-disable-related-posts":"","theme-transparent-header-meta":"","adv-header-id-meta":"","stick-header-meta":"","header-above-stick-meta":"","header-main-stick-meta":"","header-below-stick-meta":"","astra-migrate-meta-layouts":"default","ast-page-background-enabled":"default","ast-page-background-meta":{"desktop":{"background-color":"var(--ast-global-color-5)","background-image":"","background-repeat":"repeat","background-position":"center center","background-size":"auto","background-attachment":"scroll","background-type":"","background-media":"","overlay-type":"","overlay-color":"","overlay-opacity":"","overlay-gradient":""},"tablet":{"background-color":"","background-image":"","background-repeat":"repeat","background-position":"center center","background-size":"auto","background-attachment":"scroll","background-type":"","background-media":"","overlay-type":"","overlay-color":"","overlay-opacity":"","overlay-gradient":""},"mobile":{"background-color":"","background-image":"","background-repeat":"repeat","background-position":"center center","background-size":"auto","background-attachment":"scroll","background-type":"","background-media":"","overlay-type":"","overlay-color":"","overlay-opacity":"","overlay-gradient":""}},"ast-content-background-meta":{"desktop":{"background-color":"var(--ast-global-color-4)","background-image":"","background-repeat":"repeat","background-position":"center center","background-size":"auto","background-attachment":"scroll","background-type":"","background-media":"","overlay-type":"","overlay-color":"","overlay-opacity":"","overlay-gradient":""},"tablet":{"background-color":"var(--ast-global-color-4)","background-image":"","background-repeat":"repeat","background-position":"center center","background-size":"auto","background-attachment":"scroll","background-type":"","background-media":"","overlay-type":"","overlay-color":"","overlay-opacity":"","overlay-gradient":""},"mobile":{"background-color":"var(--ast-global-color-4)","background-image":"","background-repeat":"repeat","background-position":"center center","background-size":"auto","background-attachment":"scroll","background-type":"","background-media":"","overlay-type":"","overlay-color":"","overlay-opacity":"","overlay-gradient":""}},"footnotes":""},"class_list":["post-233","page","type-page","status-publish","hentry"],"_links":{"self":[{"href":"https:\/\/ops.wladyslawowo.pl\/index.php\/wp-json\/wp\/v2\/pages\/233","targetHints":{"allow":["GET"]}}],"collection":[{"href":"https:\/\/ops.wladyslawowo.pl\/index.php\/wp-json\/wp\/v2\/pages"}],"about":[{"href":"https:\/\/ops.wladyslawowo.pl\/index.php\/wp-json\/wp\/v2\/types\/page"}],"author":[{"embeddable":true,"href":"https:\/\/ops.wladyslawowo.pl\/index.php\/wp-json\/wp\/v2\/users\/4"}],"replies":[{"embeddable":true,"href":"https:\/\/ops.wladyslawowo.pl\/index.php\/wp-json\/wp\/v2\/comments?post=233"}],"version-history":[{"count":2,"href":"https:\/\/ops.wladyslawowo.pl\/index.php\/wp-json\/wp\/v2\/pages\/233\/revisions"}],"predecessor-version":[{"id":345,"href":"https:\/\/ops.wladyslawowo.pl\/index.php\/wp-json\/wp\/v2\/pages\/233\/revisions\/345"}],"wp:attachment":[{"href":"https:\/\/ops.wladyslawowo.pl\/index.php\/wp-json\/wp\/v2\/media?parent=233"}],"curies":[{"name":"wp","href":"https:\/\/api.w.org\/{rel}","templated":true}]}}