{"id":218,"date":"2026-03-26T13:05:45","date_gmt":"2026-03-26T12:05:45","guid":{"rendered":"https:\/\/ops.wladyslawowo.pl\/?page_id=218"},"modified":"2026-03-26T14:38:16","modified_gmt":"2026-03-26T13:38:16","slug":"stypendia-i-zasilki-szkolne","status":"publish","type":"page","link":"https:\/\/ops.wladyslawowo.pl\/index.php\/stypendia-i-zasilki-szkolne\/","title":{"rendered":"stypendia i zasi\u0142ki szkolne"},"content":{"rendered":"\n<p><\/p>\n\n\n\n<p><\/p>\n\n\n\n<h1 class=\"wp-block-heading has-large-font-size\">komu przys\u0142uguj\u0105?<\/h1>\n\n\n\n<p>1. Kto mo\u017ce ubiega\u0107 si\u0119 o \u015bwiadczenia pomocy materialnej dla uczni\u00f3w?  <br>Pomoc materialna (stypendium szkolne, zasi\u0142ek szkolny) przys\u0142uguje:<br>a) uczniom szk\u00f3\u0142 publicznych i niepublicznych o uprawnieniach szk\u00f3\u0142 publicznych dla m\u0142odzie\u017cy i dla doros\u0142ych oraz s\u0142uchaczom kolegi\u00f3w pracownik\u00f3w s\u0142u\u017cb spo\u0142ecznych \u2013 do czasu uko\u0144czenia kszta\u0142cenia, nie d\u0142u\u017cej jednak ni\u017c do uko\u0144czenia 24. roku \u017cycia;<br>b) wychowankom publicznych i niepublicznych o\u015brodk\u00f3w umo\u017cliwiaj\u0105cych dzieciom i m\u0142odzie\u017cy, o kt\u00f3rych mowa w art. 16 ust. 7, a tak\u017ce dzieciom i m\u0142odzie\u017cy z upo\u015bledzeniem umys\u0142owym z niepe\u0142nosprawno\u015bciami sprz\u0119\u017conymi realizacj\u0119 odpowiednio obowi\u0105zku szkolnego i obowi\u0105zku nauki \u2013 do czasu uko\u0144czenia realizacji obowi\u0105zku nauki.<br>c) uczniom szk\u00f3\u0142 niepublicznych nieposiadaj\u0105cych uprawnie\u0144 szk\u00f3\u0142 publicznych dla m\u0142odzie\u017cy i dla doros\u0142ych \u2013 do czasu uko\u0144czenia realizacji obowi\u0105zku nauki.<\/p>\n\n\n\n<p>2. Kto mo\u017ce z\u0142o\u017cy\u0107 wniosek?<br>\u015awiadczenia pomocy materialnej o charakterze socjalnym mog\u0105 by\u0107 przyznawane na wniosek:<br>a) rodzic\u00f3w ucznia albo pe\u0142noletniego ucznia;<br>b) dyrektora szko\u0142y lub plac\u00f3wki, do kt\u00f3rej ucz\u0119szcza ucze\u0144.<\/p>\n\n\n\n<p>3. Stypendium szkolne i zasi\u0142ek szkolny \u2013 formy pomocy<br>Stypendium szkolne mo\u017ce by\u0107 przyznane w formie:<br>1)\u00a0 ca\u0142kowitego lub cz\u0119\u015bciowego pokrycia koszt\u00f3w udzia\u0142u w zaj\u0119ciach edukacyjnych, w tym wyr\u00f3wnawczych, wykraczaj\u0105cych poza zaj\u0119cia realizowane w szkole w ramach planu nauczania, a tak\u017ce udzia\u0142u w zaj\u0119ciach edukacyjnych realizowanych poza szko\u0142\u0105, w szczeg\u00f3lno\u015bci w zaj\u0119ciach rozwijaj\u0105cych uzdolnienia artystyczne i sportowe uczni\u00f3w, zaj\u0119ciach nauki j\u0119zyk\u00f3w obcych oraz innych przedsi\u0119wzi\u0119ciach realizowanych przez szko\u0142\u0119, jak wyj\u015bcia\/wyjazdy do teatru, wycieczki szkolne i inne;<br>2)\u00a0 pomocy rzeczowej o charakterze edukacyjnym, realizowanej poprzez pokrycie koszt\u00f3w poniesionych na cele edukacyjne, w tym w szczeg\u00f3lno\u015bci na zakup: podr\u0119cznik\u00f3w, lektur szkolnych, encyklopedii, s\u0142ownik\u00f3w i innych ksi\u0105\u017cek pomocniczych do realizacji procesu dydaktycznego, multimedialnych program\u00f3w edukacyjnych, przybor\u00f3w i pomocy szkolnych, tuszy do drukarek, plecak\u00f3w, tornistr\u00f3w, odzie\u017cy i obuwia sportowego na zaj\u0119cia wychowania fizycznego oraz innego wyposa\u017cenia uczni\u00f3w wymaganego obligatoryjnie przez szko\u0142\u0119;<br>3)\u00a0 ca\u0142kowitego lub cz\u0119\u015bciowego pokrycia koszt\u00f3w zwi\u0105zanych z pobieraniem nauki poza miejscem zamieszkania, w tym op\u0142at za burs\u0119 lub internat i koszt\u00f3w dojazdu z miejsca zamieszkania do szko\u0142y po uwzgl\u0119dnieniu wyp\u0142aconego dodatku do zasi\u0142ku rodzinnego zwi\u0105zanego z dojazdem z miejsca zamieszkania do miejscowo\u015bci, w kt\u00f3rej znajduje si\u0119 siedziba szko\u0142y, w przypadku dojazdu do szko\u0142y ponadgimnazjalnej;<br>4)\u00a0 \u015bwiadczenia pieni\u0119\u017cnego, je\u017celi w wyniku analizy dokument\u00f3w za\u0142\u0105czonych do wniosku o przyznanie stypendium szkolnego organ przyznaj\u0105cy stypendium uzna, \u017ce udzielenie stypendium w formach, o kt\u00f3rych mowa w ust. 1-3, nie jest mo\u017cliwe lub nie jest celowe.<\/p>\n\n\n\n<p>Zasi\u0142ek szkolny mo\u017ce by\u0107 przyznany uczniowi znajduj\u0105cemu si\u0119 w przej\u015bciowo trudnej sytuacji materialnej z powodu zdarzenia losowego, w formie \u015bwiadczenia pieni\u0119\u017cnego na pokrycie wydatk\u00f3w zwi\u0105zanych z procesem edukacyjnym lub w formie pomocy rzeczowej o charakterze edukacyjnym, raz lub kilka razy w roku, niezale\u017cnie od otrzymywanego stypendium szkolnego.<br><br>O zasi\u0142ek szkolny mo\u017cna si\u0119 ubiega\u0107 w terminie nie d\u0142u\u017cszym ni\u017c dwa miesi\u0105ce od wyst\u0105pienia uzasadniaj\u0105cego przyznanie tego zasi\u0142ku.<br>Wysoko\u015b\u0107 zasi\u0142ku szkolnego nie mo\u017ce przekroczy\u0107 jednorazowo kwoty stanowi\u0105cej pi\u0119ciokrotno\u015b\u0107 kwoty, o kt\u00f3rej mowa w art. 6 ust. 2 pkt 2 ustawy z dnia 28 listopada 2003 r. o \u015bwiadczeniach rodzinnych tj. 620 z\u0142<\/p>\n\n\n\n<p>4. Powody przyznawania pomocy materialnej uczniom.<br>Stypendium szkolne mo\u017ce otrzyma\u0107 ucze\u0144 znajduj\u0105cy si\u0119 w trudnej sytuacji materialnej, wynikaj\u0105cej z niskich dochod\u00f3w rodziny (doch\u00f3d na osob\u0119 w rodzinie nie mo\u017ce przekracza\u0107 \u2013 823 z\u0142 ), w szczeg\u00f3lno\u015bci gdy w rodzinie tej wyst\u0119puje: bezrobocie, niepe\u0142nosprawno\u015b\u0107, ci\u0119\u017cka lub d\u0142ugotrwa\u0142a choroba, wielodzietno\u015b\u0107, brak umiej\u0119tno\u015bci wype\u0142niania funkcji opieku\u0144czo \u2013 wychowawczych, alkoholizm lub narkomania, a tak\u017ce gdy rodzina jest niepe\u0142na lub wyst\u0105pi\u0142o zdarzenie losowe.<\/p>\n\n\n\n<p>Zasi\u0142ek szkolny mo\u017ce by\u0107 przyznany uczniowi znajduj\u0105cemu si\u0119 przej\u015bciowo w trudnej sytuacji materialnej z powodu zdarzenia losowego (o zasi\u0142ek trzeba ubiega\u0107 si\u0119 w terminie nie d\u0142u\u017cszym ni\u017c 2 miesi\u0105ce od wyst\u0105pienia zdarzenia uzasadniaj\u0105cego przyznanie pomocy).<\/p>\n\n\n\n<p>Ubiegaj\u0105c si\u0119 o stypendium szkolne\/zasi\u0142ek szkolny nale\u017cy udokumentowa\u0107 dochody wszystkich cz\u0142onk\u00f3w rodziny za\u0142\u0105czaj\u0105c do wniosku stosowne za\u015bwiadczenia o wysoko\u015bci dochod\u00f3w. Szczeg\u00f3\u0142owe informacje nt. zasad ustalania dochodu okre\u015blone s\u0105 w formularzach wniosk\u00f3w oraz mo\u017cna je uzyska\u0107 w O\u015brodku Pomocy Spo\u0142ecznej we W\u0142adys\u0142awowie.<\/p>\n\n\n\n<p class=\"has-medium-font-size\"><strong>5. Wydatki kwalifikowane do stypendium szkolnego:<\/strong><\/p>\n\n\n\n<p>\u2013\u00a0\u00a0\u00a0\u00a0\u00a0 ZESZYTY<br>\u2013\u00a0\u00a0\u00a0\u00a0\u00a0 S\u0141OWNIKI, ENCYKLOPEDIE, ATLASY, TABLICE MATEMATYCZNE<br>\u2013\u00a0\u00a0\u00a0\u00a0\u00a0 LEKTURY SZKOLNE<br>\u2013\u00a0\u00a0\u00a0\u00a0\u00a0 TORNISTER (PLECAK SZKOLNY, TORBA SZKOLNA)<br>\u2013\u00a0\u00a0\u00a0\u00a0\u00a0 <strong>STR\u00d3J NA W-F<\/strong> (<strong>OBUWIE SPORTOWE \u2013 tenis\u00f3wki, trampki, adidasy, DRES SPORTOWY, BLUZA SPORTOWA, KOSZULKA SPORTOWA, SPODENKI SPORTOWE, STR\u00d3J K\u0104PIELOWY)<\/strong><br>\u2013\u00a0\u00a0\u00a0\u00a0\u00a0 ODZIE\u017b I PRZYBORY DO NAUKI ZAWODU<br>\u2013\u00a0\u00a0\u00a0\u00a0\u00a0 PI\u00d3RNIK<br>\u2013\u00a0\u00a0\u00a0\u00a0\u00a0 ARTYKU\u0141Y SZKOLNE (NP. BLOKI, FLAMASTRY, KREDKI, P\u0118DZLE, FARBY, KLEJ, PAPIER KOLOROWY, O\u0141\u00d3WKI, D\u0141UGOPISY, PI\u00d3RA, GUMKI, TEMPER\u00d3WKI, KALKULATORY, BIBU\u0141A, BRYSTOL, PAPIER KANCELARYJNY, NO\u017bYCZKI, TA\u015aMA KLEJ\u0104CA, PAPIER MILIMETROWY, KOREKTORY, PRZYBORY GEOMETRYCZNE, PLASTELINA, MODELINA, ITP.)<br>\u2013\u00a0\u00a0\u00a0\u00a0\u00a0 KOMPUTER, OPROGRAMOWANIE KOMPUTEROWE, MONITOR KOMPUTEROWY, DRUKARKA, SKANER DO KOMPUTERA, CZ\u0118\u015aCI KOMPUTEROWE USPRAWNIAJ\u0104CE DZIA\u0141ANIE POSIADANEGO KOMPUTERA, PENDRIVE, G\u0141O\u015aNIKI KOMPUTEROWE, S\u0141UCHAWKI I MIKROFON DO KOMPUTERA, KLAWIATURA I MYSZ KOMPUTEROWA<br>\u2013\u00a0\u00a0\u00a0\u00a0\u00a0 TUSZE DO DRUKAREK, PAPIER DO DRUKAREK<br>\u2013\u00a0\u00a0\u00a0\u00a0\u00a0 MULTIMEDIALNE PROGRAMY EDUKACYJNE ( r\u00f3wnie\u017c gry edukacyjne)<br>\u2013\u00a0\u00a0\u00a0\u00a0\u00a0 POKRYCIE KOSZT\u00d3W ABONAMENTU INTERNETOWEGO (dostarczy\u0107 trzeba umow\u0119 dot. abonamentu)<br>\u2013\u00a0\u00a0\u00a0\u00a0\u00a0 BIURKO, KRZES\u0141O DO BIURKA, LAMPKA DO BIURKA<br>\u2013\u00a0\u00a0\u00a0\u00a0\u00a0 KOSZT UDZIA\u0141U W WYCIECZKACH SZKOLNYCH (wyjazdy edukacyjne, krajoznawcze, itp.)<br>\u2013\u00a0\u00a0\u00a0\u00a0\u00a0 KOSZT WYJAZDU NA \u201eZIELON\u0104 SZKO\u0141\u0118\u201d<br>\u2013\u00a0\u00a0\u00a0\u00a0\u00a0 ZWROT KOSZT\u00d3W DOJAZDU DO SZK\u00d3\u0141 (BILET MIESI\u0118CZNY, BILETY JEDNORAZOWE WRAZ Z PO\u015aWIADCZENIEM PRZEZ DYREKTORA SZKO\u0141Y, \u017bE UCZE\u0143 TEGO DNIA UCZESTNICZY\u0141 W ZAJ\u0118CIACH SZKOLNYCH) \u2013 DOTYCZY UCZNI\u00d3W SZK\u00d3\u0141 PONADGIMNAZJALNYCH (wydatek zostanie pomniejszony o dodatek z tytu\u0142u podj\u0119cia przez dziecko nauki poza miejscem zamieszkania)<br>\u2013\u00a0\u00a0\u00a0\u00a0\u00a0 KOSZT UDZIA\u0141U W ZAJ\u0118CIACH DODATKOWYCH (NAUKA J\u0118ZYK\u00d3W OBCYCH, BASEN, ZAJ\u0118CIA WYR\u00d3WNAWCZE, SPORTOWE, INFORMATYCZNE, TANECZNE, RECYTATORSKIE, MUZYCZNE, ARTYSTYCZNE I INNE ZAJ\u0118CIA POSZERZAJ\u0104CE WIEDZ\u0118 I UMIEJ\u0118TNO\u015aCI UCZNIA)<br>\u2013\u00a0\u00a0\u00a0\u00a0\u00a0 INNE WYNIKAJ\u0104CE Z INDYWIDUALNYCH POTRZEB UCZNIA UZGODNIONE Z PRACOWNIKIEM O\u015aRODKA POMOCY SPO\u0141ECZNEJ.<\/p>\n\n\n\n<p><strong>Wydatki ponoszone z tytu\u0142u zakupu artyku\u0142\u00f3w szkolnych, odzie\u017cy sportowej, obuwia sportowego, itp. powinny stanowi\u0107 odzwierciedlenie<\/strong> <strong>sytuacji materialnej rodziny korzystaj\u0105cej ze stypendi\u00f3w szkolnych.<\/strong><\/p>\n\n\n\n<p>Faktury b\u0105d\u017a rachunki musz\u0105 by\u0107 wystawione imiennie na wnioskodawc\u0119. Istotne jest tak\u017ce by np. plecak, obuwie, odzie\u017c itp. mia\u0142y adnotacje \u201eszkolne\u201d lub \u201esportowe\u201d.<br>Rachunki za podr\u0119czniki wystawione we wcze\u015bniejszych miesi\u0105cach musz\u0105 posiada\u0107 adnotacj\u0119 dot. okre\u015blenia klasy, do kt\u00f3rej dziecko ucz\u0119szcza\u0107 b\u0119dzie w roku szkolnym 2025\/2026 \u2013 mog\u0105 by\u0107 potwierdzone przez wychowawc\u0119 klasy.<br><strong>Nie b\u0119d\u0105 uwzgl\u0119dniane<\/strong> <strong>wydatki o charakterze nieedukacyjnym np.:<\/strong><br><strong>kurtki sportowe, rajstopy, skarpety, bielizna osobista, swetry, czapki, wk\u0142adki ortopedyczne, sprz\u0119t rehabilitacyjny, str\u00f3j na studni\u00f3wk\u0119, str\u00f3j pierwszokomunijny, obozy i zimowiska rekreacyjne, rega\u0142y na ksi\u0105\u017cki, stojaki na p\u0142yty, obuwie i odzie\u017c codziennego u\u017cytku, \u015bpiwory, namioty itp., oraz rachunki za Internet z us\u0142ug\u0105 TV<\/strong>.<\/p>\n\n\n\n<p class=\"has-medium-font-size\"><strong><em>Pomoc na II p\u00f3\u0142rocze<\/em><\/strong><br>Nie ma potrzeby sk\u0142adania nowego wniosku na drugie p\u00f3\u0142rocze roku szkolnego . W przypadku konieczno\u015bci zakupu w tym okresie ww. artyku\u0142\u00f3w dla dziecka, nale\u017cy poprosi\u0107 sprzedawc\u0119 o faktury i nast\u0119pnie przechowa\u0107 je do\u00a0 prze\u0142omu kwietnia i maja. Je\u017celi sytuacja dochodowa b\u0119dzie do tego kwalifikowa\u0142a \u2013 zostanie w tym okresie przyznana kolejna pomoc w formie stypendium socjalnego.<\/p>\n\n\n\n<p class=\"has-vivid-red-color has-text-color has-link-color has-medium-font-size wp-elements-9f661627527144aa59c4ec34c9d09f1f\"><strong>Wnioski o przyznanie stypendium nale\u017cy pobiera\u0107 i sk\u0142ada\u0107 w pokoju nr 2 , w terminie od 1 do 15 wrze\u015bnia.<br>S\u0142uchacze kolegi\u00f3w pracownik\u00f3w s\u0142u\u017cb spo\u0142ecznych ww. wnioski sk\u0142adaj\u0105 do 15 pa\u017adziernika.<\/strong><\/p>\n\n\n\n<p><\/p>\n","protected":false},"excerpt":{"rendered":"<p>komu przys\u0142uguj\u0105? 1. Kto mo\u017ce ubiega\u0107 si\u0119 o \u015bwiadczenia pomocy materialnej dla uczni\u00f3w? Pomoc materialna (stypendium szkolne, zasi\u0142ek szkolny) przys\u0142uguje:a) [&hellip;]<\/p>\n","protected":false},"author":4,"featured_media":0,"parent":0,"menu_order":0,"comment_status":"closed","ping_status":"closed","template":"","meta":{"site-sidebar-layout":"default","site-content-layout":"","ast-site-content-layout":"default","site-content-style":"default","site-sidebar-style":"default","ast-global-header-display":"","ast-banner-title-visibility":"","ast-main-header-display":"","ast-hfb-above-header-display":"","ast-hfb-below-header-display":"","ast-hfb-mobile-header-display":"","site-post-title":"disabled","ast-breadcrumbs-content":"","ast-featured-img":"","footer-sml-layout":"","ast-disable-related-posts":"","theme-transparent-header-meta":"","adv-header-id-meta":"","stick-header-meta":"","header-above-stick-meta":"","header-main-stick-meta":"","header-below-stick-meta":"","astra-migrate-meta-layouts":"default","ast-page-background-enabled":"default","ast-page-background-meta":{"desktop":{"background-color":"var(--ast-global-color-5)","background-image":"","background-repeat":"repeat","background-position":"center center","background-size":"auto","background-attachment":"scroll","background-type":"","background-media":"","overlay-type":"","overlay-color":"","overlay-opacity":"","overlay-gradient":""},"tablet":{"background-color":"","background-image":"","background-repeat":"repeat","background-position":"center center","background-size":"auto","background-attachment":"scroll","background-type":"","background-media":"","overlay-type":"","overlay-color":"","overlay-opacity":"","overlay-gradient":""},"mobile":{"background-color":"","background-image":"","background-repeat":"repeat","background-position":"center center","background-size":"auto","background-attachment":"scroll","background-type":"","background-media":"","overlay-type":"","overlay-color":"","overlay-opacity":"","overlay-gradient":""}},"ast-content-background-meta":{"desktop":{"background-color":"var(--ast-global-color-4)","background-image":"","background-repeat":"repeat","background-position":"center center","background-size":"auto","background-attachment":"scroll","background-type":"","background-media":"","overlay-type":"","overlay-color":"","overlay-opacity":"","overlay-gradient":""},"tablet":{"background-color":"var(--ast-global-color-4)","background-image":"","background-repeat":"repeat","background-position":"center center","background-size":"auto","background-attachment":"scroll","background-type":"","background-media":"","overlay-type":"","overlay-color":"","overlay-opacity":"","overlay-gradient":""},"mobile":{"background-color":"var(--ast-global-color-4)","background-image":"","background-repeat":"repeat","background-position":"center center","background-size":"auto","background-attachment":"scroll","background-type":"","background-media":"","overlay-type":"","overlay-color":"","overlay-opacity":"","overlay-gradient":""}},"footnotes":""},"class_list":["post-218","page","type-page","status-publish","hentry"],"_links":{"self":[{"href":"https:\/\/ops.wladyslawowo.pl\/index.php\/wp-json\/wp\/v2\/pages\/218","targetHints":{"allow":["GET"]}}],"collection":[{"href":"https:\/\/ops.wladyslawowo.pl\/index.php\/wp-json\/wp\/v2\/pages"}],"about":[{"href":"https:\/\/ops.wladyslawowo.pl\/index.php\/wp-json\/wp\/v2\/types\/page"}],"author":[{"embeddable":true,"href":"https:\/\/ops.wladyslawowo.pl\/index.php\/wp-json\/wp\/v2\/users\/4"}],"replies":[{"embeddable":true,"href":"https:\/\/ops.wladyslawowo.pl\/index.php\/wp-json\/wp\/v2\/comments?post=218"}],"version-history":[{"count":8,"href":"https:\/\/ops.wladyslawowo.pl\/index.php\/wp-json\/wp\/v2\/pages\/218\/revisions"}],"predecessor-version":[{"id":385,"href":"https:\/\/ops.wladyslawowo.pl\/index.php\/wp-json\/wp\/v2\/pages\/218\/revisions\/385"}],"wp:attachment":[{"href":"https:\/\/ops.wladyslawowo.pl\/index.php\/wp-json\/wp\/v2\/media?parent=218"}],"curies":[{"name":"wp","href":"https:\/\/api.w.org\/{rel}","templated":true}]}}