{"id":195,"date":"2026-03-26T13:05:45","date_gmt":"2026-03-26T12:05:45","guid":{"rendered":"https:\/\/ops.wladyslawowo.pl\/?page_id=195"},"modified":"2026-03-26T13:05:45","modified_gmt":"2026-03-26T12:05:45","slug":"jednorazowe-swiadczenie-za-zyciem","status":"publish","type":"page","link":"https:\/\/ops.wladyslawowo.pl\/index.php\/jednorazowe-swiadczenie-za-zyciem\/","title":{"rendered":"jednorazowe \u015bwiadczenie &#8222;za \u017cyciem&#8221;"},"content":{"rendered":"\n<p>Od 1 stycznia 2017 r., z tytu\u0142u urodzenia si\u0119 \u017cywego dziecka z ci\u0119\u017ckim i nieodwracalnym upo\u015bledzeniem albo nieuleczaln\u0105 chorob\u0105 zagra\u017caj\u0105c\u0105 \u017cyciu, przys\u0142uguje prawo do jednorazowego \u015bwiadczenia w wysoko\u015bci 4000 z\u0142, przyznawanego na podstawie przepis\u00f3w ustawy z dnia 4 listopada 2016 r. o wsparciu kobiet w ci\u0105\u017cy i rodzin \u201eZa \u017cyciem\u201d (Dz. U. z 2016, poz. 1860).<\/p>\n\n\n\n<p>Jednorazowe \u015bwiadczenie przys\u0142uguje bez wzgl\u0119du na osi\u0105gane dochody.<\/p>\n\n\n\n<p>Wniosek o wyp\u0142at\u0119 jednorazowego \u015bwiadczenia nale\u017cy z\u0142o\u017cy\u0107 w terminie 12 miesi\u0119cy od dnia narodzin dziecka. Wniosek z\u0142o\u017cony po terminie zostanie pozostawiony bez rozpoznania.<\/p>\n\n\n\n<p>Jednorazowe \u015bwiadczenie przys\u0142uguje r\u00f3wnie\u017c na dzieci urodzone w 2016 r., je\u017celi wniosek zostanie z\u0142o\u017cony w terminie 12 miesi\u0119cy od dnia urodzenia dziecka.<\/p>\n\n\n\n<p>Podstawowym warunkiem przyznania ww. \u015bwiadczenia jest posiadanie za\u015bwiadczenia lekarskiego, potwierdzaj\u0105cego ci\u0119\u017ckie i nieodwracalne upo\u015bledzenia albo nieuleczaln\u0105 chorob\u0119 zagra\u017caj\u0105c\u0105 \u017cyciu, kt\u00f3re powsta\u0142y w prenatalnym okresie rozwoju dziecka lub w czasie porodu. Za\u015bwiadczenie takie powinno by\u0107 wystawionego przez lekarza z kt\u00f3rym Narodowy Fundusz Zdrowia zawar\u0142 umow\u0119 o udzielanie \u015bwiadcze\u0144 opieki zdrowotnej, albo lekarza, kt\u00f3ry jest zatrudniony lub wykonuje zaw\u00f3d w przychodni, z kt\u00f3r\u0105 NFZ zawar\u0142 umow\u0119 o udzielanie \u015bwiadcze\u0144 opieki zdrowotnej, posiadaj\u0105cego specjalizacj\u0119 II stopnia lub tytu\u0142 specjalisty w dziedzinie: po\u0142o\u017cnictwa i ginekologii, perinatologii lub neonatologii.<\/p>\n\n\n\n<p>Ponadto, podobnie jak w przypadku jednorazowej zapomogi z tytu\u0142u urodzenia dziecka (tzw. becikowego), jednorazowe \u015bwiadczenie przys\u0142uguje tylko w sytuacji, gdy matka dziecka pozostawa\u0142a pod opiek\u0105 medyczn\u0105 nie p\u00f3\u017aniej ni\u017c od 10 tygodnia ci\u0105\u017cy do dnia&nbsp; porodu. Fakt ten nale\u017cy potwierdzi\u0107 odpowiednim za\u015bwiadczeniem lekarskim lub za\u015bwiadczeniem wystawionym przez po\u0142o\u017cn\u0105.<\/p>\n\n\n\n<p>Jednorazowe \u015bwiadczenie nie przys\u0142uguje je\u015bli dziecko zosta\u0142o umieszczone w instytucji zapewniaj\u0105cej ca\u0142odobowe albo w pieczy zast\u0119pcze<\/p>\n","protected":false},"excerpt":{"rendered":"<p>Od 1 stycznia 2017 r., z tytu\u0142u urodzenia si\u0119 \u017cywego dziecka z ci\u0119\u017ckim i nieodwracalnym upo\u015bledzeniem albo nieuleczaln\u0105 chorob\u0105 zagra\u017caj\u0105c\u0105 [&hellip;]<\/p>\n","protected":false},"author":4,"featured_media":0,"parent":0,"menu_order":0,"comment_status":"closed","ping_status":"closed","template":"","meta":{"site-sidebar-layout":"default","site-content-layout":"","ast-site-content-layout":"default","site-content-style":"default","site-sidebar-style":"default","ast-global-header-display":"","ast-banner-title-visibility":"","ast-main-header-display":"","ast-hfb-above-header-display":"","ast-hfb-below-header-display":"","ast-hfb-mobile-header-display":"","site-post-title":"","ast-breadcrumbs-content":"","ast-featured-img":"","footer-sml-layout":"","ast-disable-related-posts":"","theme-transparent-header-meta":"","adv-header-id-meta":"","stick-header-meta":"","header-above-stick-meta":"","header-main-stick-meta":"","header-below-stick-meta":"","astra-migrate-meta-layouts":"default","ast-page-background-enabled":"default","ast-page-background-meta":{"desktop":{"background-color":"var(--ast-global-color-5)","background-image":"","background-repeat":"repeat","background-position":"center center","background-size":"auto","background-attachment":"scroll","background-type":"","background-media":"","overlay-type":"","overlay-color":"","overlay-opacity":"","overlay-gradient":""},"tablet":{"background-color":"","background-image":"","background-repeat":"repeat","background-position":"center center","background-size":"auto","background-attachment":"scroll","background-type":"","background-media":"","overlay-type":"","overlay-color":"","overlay-opacity":"","overlay-gradient":""},"mobile":{"background-color":"","background-image":"","background-repeat":"repeat","background-position":"center center","background-size":"auto","background-attachment":"scroll","background-type":"","background-media":"","overlay-type":"","overlay-color":"","overlay-opacity":"","overlay-gradient":""}},"ast-content-background-meta":{"desktop":{"background-color":"var(--ast-global-color-4)","background-image":"","background-repeat":"repeat","background-position":"center center","background-size":"auto","background-attachment":"scroll","background-type":"","background-media":"","overlay-type":"","overlay-color":"","overlay-opacity":"","overlay-gradient":""},"tablet":{"background-color":"var(--ast-global-color-4)","background-image":"","background-repeat":"repeat","background-position":"center center","background-size":"auto","background-attachment":"scroll","background-type":"","background-media":"","overlay-type":"","overlay-color":"","overlay-opacity":"","overlay-gradient":""},"mobile":{"background-color":"var(--ast-global-color-4)","background-image":"","background-repeat":"repeat","background-position":"center center","background-size":"auto","background-attachment":"scroll","background-type":"","background-media":"","overlay-type":"","overlay-color":"","overlay-opacity":"","overlay-gradient":""}},"footnotes":""},"class_list":["post-195","page","type-page","status-publish","hentry"],"_links":{"self":[{"href":"https:\/\/ops.wladyslawowo.pl\/index.php\/wp-json\/wp\/v2\/pages\/195","targetHints":{"allow":["GET"]}}],"collection":[{"href":"https:\/\/ops.wladyslawowo.pl\/index.php\/wp-json\/wp\/v2\/pages"}],"about":[{"href":"https:\/\/ops.wladyslawowo.pl\/index.php\/wp-json\/wp\/v2\/types\/page"}],"author":[{"embeddable":true,"href":"https:\/\/ops.wladyslawowo.pl\/index.php\/wp-json\/wp\/v2\/users\/4"}],"replies":[{"embeddable":true,"href":"https:\/\/ops.wladyslawowo.pl\/index.php\/wp-json\/wp\/v2\/comments?post=195"}],"version-history":[{"count":1,"href":"https:\/\/ops.wladyslawowo.pl\/index.php\/wp-json\/wp\/v2\/pages\/195\/revisions"}],"predecessor-version":[{"id":227,"href":"https:\/\/ops.wladyslawowo.pl\/index.php\/wp-json\/wp\/v2\/pages\/195\/revisions\/227"}],"wp:attachment":[{"href":"https:\/\/ops.wladyslawowo.pl\/index.php\/wp-json\/wp\/v2\/media?parent=195"}],"curies":[{"name":"wp","href":"https:\/\/api.w.org\/{rel}","templated":true}]}}