{"id":194,"date":"2026-03-26T13:05:45","date_gmt":"2026-03-26T12:05:45","guid":{"rendered":"https:\/\/ops.wladyslawowo.pl\/?page_id=194"},"modified":"2026-03-26T13:05:45","modified_gmt":"2026-03-26T12:05:45","slug":"swiadczenie-pielegnacyjne","status":"publish","type":"page","link":"https:\/\/ops.wladyslawowo.pl\/index.php\/swiadczenie-pielegnacyjne\/","title":{"rendered":"\u015bwiadczenia opieku\u0144cze"},"content":{"rendered":"\n<p>\u015awiadczeniami opieku\u0144czymi s\u0105: zasi\u0142ek piel\u0119gnacyjny, specjalny zasi\u0142ek opieku\u0144czy oraz \u015bwiadczenie piel\u0119gnacyjne.<\/p>\n\n\n\n<p><strong>Zasi\u0142ek piel\u0119gnacyjny<\/strong><\/p>\n\n\n\n<p>Zasi\u0142ek piel\u0119gnacyjny przys\u0142uguje:<\/p>\n\n\n\n<p>&#8211; niepe\u0142nosprawnemu dziecku,<\/p>\n\n\n\n<p>&#8211; osobie niepe\u0142nosprawnej w wieku powy\u017cej 16 roku \u017cycia, je\u017celi legitymuje si\u0119 orzeczeniem o znacznym stopniu niepe\u0142nosprawno\u015bci;<\/p>\n\n\n\n<p>&#8211; osobie, kt\u00f3ra uko\u0144czy\u0142a 75 lat.<br><br>Zasi\u0142ek piel\u0119gnacyjny przys\u0142uguje tak\u017ce osobie niepe\u0142nosprawnej w wieku powy\u017cej 16 roku \u017cycia legitymuj\u0105cej si\u0119 orzeczeniem o umiarkowanym stopniu niepe\u0142nosprawno\u015bci, je\u017celi niepe\u0142nosprawno\u015b\u0107 powsta\u0142a w wieku do uko\u0144czenia 21 roku \u017cycia.<\/p>\n\n\n\n<p>Zasi\u0142ek piel\u0119gnacyjny przys\u0142uguje w wysoko\u015bci <strong>215,84 z\u0142.<\/strong><\/p>\n\n\n\n<p>Zasi\u0142ek piel\u0119gnacyjny nie przys\u0142uguje:<\/p>\n\n\n\n<p>&#8211; osobie uprawnionej do dodatku piel\u0119gnacyjnego,<\/p>\n\n\n\n<p>&#8211; osobie przebywaj\u0105cej w instytucji zapewniaj\u0105cej ca\u0142odobowe utrzymanie;<\/p>\n\n\n\n<p>&#8211; je\u017celi cz\u0142onkom rodziny przys\u0142uguj\u0105 za granic\u0105 \u015bwiadczenia na pokrycie wydatk\u00f3w zwi\u0105zanych z piel\u0119gnacj\u0105 tych os\u00f3b.<\/p>\n\n\n\n<p>Zasi\u0142ek piel\u0119gnacyjny przyznaje si\u0119 w celu cz\u0119\u015bciowego pokrycia wydatk\u00f3w wynikaj\u0105cych z konieczno\u015bci zapewnienia osobie niepe\u0142nosprawnej opieki i pomocy innej osoby w zwi\u0105zku z niezdolno\u015bci\u0105 do samodzielnej egzystencji.<\/p>\n\n\n\n<p><strong>\u015awiadczenie piel\u0119gnacyjne<\/strong><\/p>\n\n\n\n<p>\u015awiadczenie piel\u0119gnacyjne przys\u0142uguje:<\/p>\n\n\n\n<p>1)matce albo ojcu,<\/p>\n\n\n\n<p>2)innym osobom, na kt\u00f3rych zgodnie z przepisami <a href=\"https:\/\/sip.lex.pl\/#\/document\/16785962\">ustawy<\/a> z dnia 25 lutego 1964 r. &#8211; Kodeks rodzinny i opieku\u0144czy (Dz. U. z 2023 r. poz. 2809 oraz z 2025 r. poz. 897) ci\u0105\u017cy obowi\u0105zek alimentacyjny, a tak\u017ce ma\u0142\u017conkom,<\/p>\n\n\n\n<p>3)opiekunowi faktycznemu dziecka,<\/p>\n\n\n\n<p>4)rodzinie zast\u0119pczej, osobie prowadz\u0105cej rodzinny dom dziecka, dyrektorowi plac\u00f3wki opieku\u0144czo-wychowawczej, dyrektorowi regionalnej plac\u00f3wki opieku\u0144czo-terapeutycznej albo dyrektorowi interwencyjnego o\u015brodka preadopcyjnego<\/p>\n\n\n\n<p>&#8211; je\u017celi sprawuj\u0105 opiek\u0119 nad osob\u0105 w wieku do uko\u0144czenia 18. roku \u017cycia legitymuj\u0105c\u0105 si\u0119 orzeczeniem o znacznym stopniu niepe\u0142nosprawno\u015bci albo orzeczeniem o niepe\u0142nosprawno\u015bci \u0142\u0105cznie ze wskazaniami: konieczno\u015bci sta\u0142ej lub d\u0142ugotrwa\u0142ej opieki lub pomocy innej osoby w zwi\u0105zku ze znacznie ograniczon\u0105 mo\u017cliwo\u015bci\u0105 samodzielnej egzystencji oraz konieczno\u015bci sta\u0142ego wsp\u00f3\u0142udzia\u0142u na co dzie\u0144 opiekuna dziecka w procesie jego leczenia, rehabilitacji i edukacji.<\/p>\n\n\n\n<p>\u015awiadczenie piel\u0119gnacyjne nie przys\u0142uguje, je\u017celi:<\/p>\n\n\n\n<p>1)osoba sprawuj\u0105ca opiek\u0119 ma ustalone prawo do specjalnego zasi\u0142ku opieku\u0144czego, \u015bwiadczenia piel\u0119gnacyjnego lub zasi\u0142ku dla opiekuna, o kt\u00f3rym mowa w ustawie z dnia 4 kwietnia 2014 r. o ustaleniu i wyp\u0142acie zasi\u0142k\u00f3w dla opiekun\u00f3w;<\/p>\n\n\n\n<p>2)osoba wymagaj\u0105ca opieki zosta\u0142a umieszczona lub przebywa w domu pomocy spo\u0142ecznej, zak\u0142adzie opieku\u0144czo-leczniczym, zak\u0142adzie piel\u0119gnacyjno-opieku\u0144czym, plac\u00f3wce zapewniaj\u0105cej ca\u0142odobow\u0105 opiek\u0119 osobom niepe\u0142nosprawnym, przewlekle chorym lub osobom w podesz\u0142ym wieku, o kt\u00f3rej mowa w przepisach o pomocy spo\u0142ecznej, zak\u0142adzie karnym, zak\u0142adzie poprawczym, areszcie \u015bledczym albo schronisku dla nieletnich;<\/p>\n\n\n\n<p>3)osoba wymagaj\u0105ca opieki jest uprawniona za granic\u0105 do \u015bwiadczenia na pokrycie wydatk\u00f3w zwi\u0105zanych z opiek\u0105, chyba \u017ce przepisy o koordynacji system\u00f3w zabezpieczenia spo\u0142ecznego lub dwustronne umowy o zabezpieczeniu spo\u0142ecznym stanowi\u0105 inaczej;<\/p>\n\n\n\n<p>4)na osob\u0119 wymagaj\u0105c\u0105 opieki inna osoba jest uprawniona za granic\u0105 do \u015bwiadczenia na pokrycie wydatk\u00f3w zwi\u0105zanych z opiek\u0105, chyba \u017ce przepisy o koordynacji system\u00f3w zabezpieczenia spo\u0142ecznego lub dwustronne umowy o zabezpieczeniu spo\u0142ecznym stanowi\u0105 inaczej;<\/p>\n\n\n\n<p>5)na osob\u0119 wymagaj\u0105c\u0105 opieki jest ustalone prawo do specjalnego zasi\u0142ku opieku\u0144czego, prawo do \u015bwiadczenia piel\u0119gnacyjnego lub prawo do zasi\u0142ku dla opiekuna, o kt\u00f3rym mowa w ustawie z dnia 4 kwietnia 2014 r. o ustaleniu i wyp\u0142acie zasi\u0142k\u00f3w dla opiekun\u00f3w.<\/p>\n","protected":false},"excerpt":{"rendered":"<p>\u015awiadczeniami opieku\u0144czymi s\u0105: zasi\u0142ek piel\u0119gnacyjny, specjalny zasi\u0142ek opieku\u0144czy oraz \u015bwiadczenie piel\u0119gnacyjne. Zasi\u0142ek piel\u0119gnacyjny Zasi\u0142ek piel\u0119gnacyjny przys\u0142uguje: &#8211; niepe\u0142nosprawnemu dziecku, &#8211; [&hellip;]<\/p>\n","protected":false},"author":4,"featured_media":0,"parent":0,"menu_order":0,"comment_status":"closed","ping_status":"closed","template":"","meta":{"site-sidebar-layout":"default","site-content-layout":"","ast-site-content-layout":"default","site-content-style":"default","site-sidebar-style":"default","ast-global-header-display":"","ast-banner-title-visibility":"","ast-main-header-display":"","ast-hfb-above-header-display":"","ast-hfb-below-header-display":"","ast-hfb-mobile-header-display":"","site-post-title":"","ast-breadcrumbs-content":"","ast-featured-img":"","footer-sml-layout":"","ast-disable-related-posts":"","theme-transparent-header-meta":"","adv-header-id-meta":"","stick-header-meta":"","header-above-stick-meta":"","header-main-stick-meta":"","header-below-stick-meta":"","astra-migrate-meta-layouts":"default","ast-page-background-enabled":"default","ast-page-background-meta":{"desktop":{"background-color":"var(--ast-global-color-5)","background-image":"","background-repeat":"repeat","background-position":"center center","background-size":"auto","background-attachment":"scroll","background-type":"","background-media":"","overlay-type":"","overlay-color":"","overlay-opacity":"","overlay-gradient":""},"tablet":{"background-color":"","background-image":"","background-repeat":"repeat","background-position":"center center","background-size":"auto","background-attachment":"scroll","background-type":"","background-media":"","overlay-type":"","overlay-color":"","overlay-opacity":"","overlay-gradient":""},"mobile":{"background-color":"","background-image":"","background-repeat":"repeat","background-position":"center center","background-size":"auto","background-attachment":"scroll","background-type":"","background-media":"","overlay-type":"","overlay-color":"","overlay-opacity":"","overlay-gradient":""}},"ast-content-background-meta":{"desktop":{"background-color":"var(--ast-global-color-4)","background-image":"","background-repeat":"repeat","background-position":"center center","background-size":"auto","background-attachment":"scroll","background-type":"","background-media":"","overlay-type":"","overlay-color":"","overlay-opacity":"","overlay-gradient":""},"tablet":{"background-color":"var(--ast-global-color-4)","background-image":"","background-repeat":"repeat","background-position":"center center","background-size":"auto","background-attachment":"scroll","background-type":"","background-media":"","overlay-type":"","overlay-color":"","overlay-opacity":"","overlay-gradient":""},"mobile":{"background-color":"var(--ast-global-color-4)","background-image":"","background-repeat":"repeat","background-position":"center center","background-size":"auto","background-attachment":"scroll","background-type":"","background-media":"","overlay-type":"","overlay-color":"","overlay-opacity":"","overlay-gradient":""}},"footnotes":""},"class_list":["post-194","page","type-page","status-publish","hentry"],"_links":{"self":[{"href":"https:\/\/ops.wladyslawowo.pl\/index.php\/wp-json\/wp\/v2\/pages\/194","targetHints":{"allow":["GET"]}}],"collection":[{"href":"https:\/\/ops.wladyslawowo.pl\/index.php\/wp-json\/wp\/v2\/pages"}],"about":[{"href":"https:\/\/ops.wladyslawowo.pl\/index.php\/wp-json\/wp\/v2\/types\/page"}],"author":[{"embeddable":true,"href":"https:\/\/ops.wladyslawowo.pl\/index.php\/wp-json\/wp\/v2\/users\/4"}],"replies":[{"embeddable":true,"href":"https:\/\/ops.wladyslawowo.pl\/index.php\/wp-json\/wp\/v2\/comments?post=194"}],"version-history":[{"count":1,"href":"https:\/\/ops.wladyslawowo.pl\/index.php\/wp-json\/wp\/v2\/pages\/194\/revisions"}],"predecessor-version":[{"id":228,"href":"https:\/\/ops.wladyslawowo.pl\/index.php\/wp-json\/wp\/v2\/pages\/194\/revisions\/228"}],"wp:attachment":[{"href":"https:\/\/ops.wladyslawowo.pl\/index.php\/wp-json\/wp\/v2\/media?parent=194"}],"curies":[{"name":"wp","href":"https:\/\/api.w.org\/{rel}","templated":true}]}}