{"id":192,"date":"2026-03-26T13:05:45","date_gmt":"2026-03-26T12:05:45","guid":{"rendered":"https:\/\/ops.wladyslawowo.pl\/?page_id=192"},"modified":"2026-03-26T13:05:45","modified_gmt":"2026-03-26T12:05:45","slug":"swiadczenie-rodzicielskie","status":"publish","type":"page","link":"https:\/\/ops.wladyslawowo.pl\/index.php\/swiadczenie-rodzicielskie\/","title":{"rendered":"\u015bwiadczenie rodzicielskie"},"content":{"rendered":"\n<p><strong>\u015awiadczenie rodzicielskie przys\u0142uguje:<\/strong><\/p>\n\n\n\n<p>1) matce albo ojcu dziecka;<\/p>\n\n\n\n<p>2) opiekunowi faktycznemu dziecka w przypadku obj\u0119cia opiek\u0105 dziecka w wieku do uko\u0144czenia 7. roku \u017cycia, a w przypadku dziecka, wobec kt\u00f3rego podj\u0119to decyzj\u0119 o odroczeniu obowi\u0105zku szkolnego \u2013 do uko\u0144czenia 10 roku \u017cycia;<\/p>\n\n\n\n<p>3) rodzinie zast\u0119pczej, z wyj\u0105tkiem rodziny zast\u0119pczej zawodowej, w przypadku obj\u0119cia opiek\u0105 dziecka w wieku do uko\u0144czenia 7. roku \u017cycia, a w przypadku dziecka, wobec kt\u00f3rego podj\u0119to decyzj\u0119 o odroczeniu obowi\u0105zku szkolnego \u2013 do uko\u0144czenia 10. roku \u017cycia;<\/p>\n\n\n\n<p>4) osobie, kt\u00f3ra przysposobi\u0142a dziecko, w przypadku obj\u0119cia opiek\u0105 dziecka w wieku do uko\u0144czenia 7. roku \u017cycia, a w przypadku dziecka, wobec kt\u00f3rego podj\u0119to decyzj\u0119 o odroczeniu obowi\u0105zku szkolnego \u2013 do uko\u0144czenia 10. roku \u017cycia.<\/p>\n\n\n\n<p><strong>\u015awiadczenie rodzicielskie przys\u0142uguje przez okres:<\/strong><\/p>\n\n\n\n<p>1)&nbsp;&nbsp;&nbsp;&nbsp;&nbsp; 52 tygodni \u2013 w przypadku urodzenia jednego dziecka przy jednym porodzie,&nbsp; przysposobienia&nbsp; jednego&nbsp; dziecka&nbsp; lub&nbsp; obj\u0119cia&nbsp; opiek\u0105&nbsp; jednego dziecka;<\/p>\n\n\n\n<p>2)&nbsp;&nbsp;&nbsp;&nbsp;&nbsp; 65 tygodni \u2013 w przypadku urodzenia dwojga dzieci przy jednym porodzie, przysposobienia dwojga dzieci lub obj\u0119cia opiek\u0105 dwojga dzieci;<\/p>\n\n\n\n<p>3)&nbsp;&nbsp;&nbsp;&nbsp;&nbsp; 67 tygodni \u2013 w przypadku urodzenia trojga dzieci przy jednym porodzie, przysposobienia trojga dzieci lub obj\u0119cia opiek\u0105 trojga dzieci;<\/p>\n\n\n\n<p>4)&nbsp;&nbsp;&nbsp;&nbsp;&nbsp; 69 tygodni \u2013 w przypadku urodzenia czworga dzieci przy jednym porodzie, przysposobienia czworga dzieci lub obj\u0119cia opiek\u0105 czworga dzieci;<\/p>\n\n\n\n<p>5)&nbsp;&nbsp;&nbsp;&nbsp;&nbsp; 71 tygodni \u2013 w przypadku urodzenia pi\u0119ciorga i wi\u0119cej dzieci przy jednym porodzie,&nbsp; przysposobienia&nbsp; pi\u0119ciorga&nbsp; i&nbsp; wi\u0119cej&nbsp; dzieci&nbsp; lub&nbsp; obj\u0119cia&nbsp; opiek\u0105 pi\u0119ciorga i wi\u0119cej dzieci<\/p>\n\n\n\n<p><em><strong>\u015awiadczenie przys\u0142uguje w wysoko\u015bci 1000 z\u0142 miesi\u0119cznie.<\/strong><\/em><\/p>\n\n\n\n<p>Osobie uprawnionej do \u015bwiadczenia rodzicielskiego przys\u0142uguje w tym samym czasie jedno \u015bwiadczenie rodzicielskie bez wzgl\u0119du na liczb\u0119 wychowywanych dzieci; jedno \u015bwiadczenie rodzicielskie w zwi\u0105zku z wychowywaniem tego samego dziecka.<\/p>\n\n\n\n<p><strong>\u015awiadczenie rodzicielskie nie przys\u0142uguje, je\u017celi:<\/strong><\/p>\n\n\n\n<p>1) co najmniej jeden z rodzic\u00f3w dziecka lub opiekun faktyczny dziecka lub rodzina zast\u0119pcza, otrzymuj\u0105 zasi\u0142ek macierzy\u0144ski lub uposa\u017cenie za okres ustalony przepisami Kodeksu pracy jako okres urlopu macierzy\u0144skiego, okres urlopu na warunkach urlopu macierzy\u0144skiego lub okres urlopu rodzicielskiego;<\/p>\n\n\n\n<p>2) dziecko zosta\u0142o umieszczone w pieczy zast\u0119pczej \u2013 w przypadku rodzic\u00f3w dziecka lub osoby, kt\u00f3ra przysposobi\u0142a dziecko;<\/p>\n\n\n\n<p>3) jeden z rodzic\u00f3w dziecka lub opiekun faktyczny dziecka lub rodzina zast\u0119pcza, nie sprawuj\u0105 lub zaprzestali sprawowania osobistej opieki nad dzieckiem, w tym w zwi\u0105zku z zatrudnieniem lub wykonywaniem innej pracy zarobkowej, kt\u00f3re uniemo\u017cliwiaj\u0105 sprawowanie tej opieki;<\/p>\n\n\n\n<p>4) w zwi\u0105zku z wychowywaniem tego samego dziecka lub w zwi\u0105zku z opiek\u0105 nad tym samym dzieckiem jest ju\u017c ustalone prawo do \u015bwiadczenia rodzicielskiego, dodatku do zasi\u0142ku rodzinnego, z tytu\u0142u wychowywania dziecka, \u015bwiadczenia piel\u0119gnacyjnego, specjalnego zasi\u0142ku opieku\u0144czego lub zasi\u0142ku dla opiekuna, o kt\u00f3rym mowa w ustawie z dnia 4 kwietnia 2014r. o ustaleniu i wyp\u0142acie zasi\u0142k\u00f3w dla opiekun\u00f3w;<\/p>\n\n\n\n<p>5) osobie ubiegaj\u0105cej si\u0119 o \u015bwiadczenie rodzicielskie przys\u0142uguje za granic\u0105 \u015bwiadczenie o podobnym charakterze do \u015bwiadczenia rodzicielskiego, chyba, \u017ce przepisy o koordynacji system\u00f3w zabezpieczenia spo\u0142ecznego lub dwustronne umowy o zabezpieczeniu spo\u0142ecznym stanowi\u0105 inaczej.<\/p>\n","protected":false},"excerpt":{"rendered":"<p>\u015awiadczenie rodzicielskie przys\u0142uguje: 1) matce albo ojcu dziecka; 2) opiekunowi faktycznemu dziecka w przypadku obj\u0119cia opiek\u0105 dziecka w wieku do [&hellip;]<\/p>\n","protected":false},"author":4,"featured_media":0,"parent":0,"menu_order":0,"comment_status":"closed","ping_status":"closed","template":"","meta":{"site-sidebar-layout":"default","site-content-layout":"","ast-site-content-layout":"default","site-content-style":"default","site-sidebar-style":"default","ast-global-header-display":"","ast-banner-title-visibility":"","ast-main-header-display":"","ast-hfb-above-header-display":"","ast-hfb-below-header-display":"","ast-hfb-mobile-header-display":"","site-post-title":"","ast-breadcrumbs-content":"","ast-featured-img":"","footer-sml-layout":"","ast-disable-related-posts":"","theme-transparent-header-meta":"","adv-header-id-meta":"","stick-header-meta":"","header-above-stick-meta":"","header-main-stick-meta":"","header-below-stick-meta":"","astra-migrate-meta-layouts":"default","ast-page-background-enabled":"default","ast-page-background-meta":{"desktop":{"background-color":"var(--ast-global-color-5)","background-image":"","background-repeat":"repeat","background-position":"center center","background-size":"auto","background-attachment":"scroll","background-type":"","background-media":"","overlay-type":"","overlay-color":"","overlay-opacity":"","overlay-gradient":""},"tablet":{"background-color":"","background-image":"","background-repeat":"repeat","background-position":"center center","background-size":"auto","background-attachment":"scroll","background-type":"","background-media":"","overlay-type":"","overlay-color":"","overlay-opacity":"","overlay-gradient":""},"mobile":{"background-color":"","background-image":"","background-repeat":"repeat","background-position":"center center","background-size":"auto","background-attachment":"scroll","background-type":"","background-media":"","overlay-type":"","overlay-color":"","overlay-opacity":"","overlay-gradient":""}},"ast-content-background-meta":{"desktop":{"background-color":"var(--ast-global-color-4)","background-image":"","background-repeat":"repeat","background-position":"center center","background-size":"auto","background-attachment":"scroll","background-type":"","background-media":"","overlay-type":"","overlay-color":"","overlay-opacity":"","overlay-gradient":""},"tablet":{"background-color":"var(--ast-global-color-4)","background-image":"","background-repeat":"repeat","background-position":"center center","background-size":"auto","background-attachment":"scroll","background-type":"","background-media":"","overlay-type":"","overlay-color":"","overlay-opacity":"","overlay-gradient":""},"mobile":{"background-color":"var(--ast-global-color-4)","background-image":"","background-repeat":"repeat","background-position":"center center","background-size":"auto","background-attachment":"scroll","background-type":"","background-media":"","overlay-type":"","overlay-color":"","overlay-opacity":"","overlay-gradient":""}},"footnotes":""},"class_list":["post-192","page","type-page","status-publish","hentry"],"_links":{"self":[{"href":"https:\/\/ops.wladyslawowo.pl\/index.php\/wp-json\/wp\/v2\/pages\/192","targetHints":{"allow":["GET"]}}],"collection":[{"href":"https:\/\/ops.wladyslawowo.pl\/index.php\/wp-json\/wp\/v2\/pages"}],"about":[{"href":"https:\/\/ops.wladyslawowo.pl\/index.php\/wp-json\/wp\/v2\/types\/page"}],"author":[{"embeddable":true,"href":"https:\/\/ops.wladyslawowo.pl\/index.php\/wp-json\/wp\/v2\/users\/4"}],"replies":[{"embeddable":true,"href":"https:\/\/ops.wladyslawowo.pl\/index.php\/wp-json\/wp\/v2\/comments?post=192"}],"version-history":[{"count":1,"href":"https:\/\/ops.wladyslawowo.pl\/index.php\/wp-json\/wp\/v2\/pages\/192\/revisions"}],"predecessor-version":[{"id":230,"href":"https:\/\/ops.wladyslawowo.pl\/index.php\/wp-json\/wp\/v2\/pages\/192\/revisions\/230"}],"wp:attachment":[{"href":"https:\/\/ops.wladyslawowo.pl\/index.php\/wp-json\/wp\/v2\/media?parent=192"}],"curies":[{"name":"wp","href":"https:\/\/api.w.org\/{rel}","templated":true}]}}