{"id":191,"date":"2026-03-26T13:05:45","date_gmt":"2026-03-26T12:05:45","guid":{"rendered":"https:\/\/ops.wladyslawowo.pl\/?page_id=191"},"modified":"2026-03-26T13:05:45","modified_gmt":"2026-03-26T12:05:45","slug":"zapomoga-z-tytulu-urodzenia-sie-dziecka","status":"publish","type":"page","link":"https:\/\/ops.wladyslawowo.pl\/index.php\/zapomoga-z-tytulu-urodzenia-sie-dziecka\/","title":{"rendered":"zapomoga z tytu\u0142u urodzenia si\u0119 dziecka"},"content":{"rendered":"\n<p><strong>Od 01.12.2019 r. obowi\u0105zuje nowy wz\u00f3r za\u015bwiadczenia lekarskiego, uprawniaj\u0105cego do jednorazowej zapomogi z tytu\u0142u urodzenia si\u0119 dziecka. Wz\u00f3r za\u015bwiadczenia znajduje si\u0119 w zak\u0142adce &#8222;pliki do pobrania&#8221;.<\/strong><\/p>\n\n\n\n<p>Jednorazow\u0105 zapomog\u0119 przyznaje si\u0119 z tytu\u0142u urodzenia si\u0119 \u017cywego dziecka w wysoko\u015bci <strong>1000 z\u0142<\/strong> na jedno dziecko.<\/p>\n\n\n\n<p>Jednorazowa zapomoga przys\u0142uguje matce lub ojcu dziecka, opiekunowi prawnemu albo opiekunowi faktycznemu dziecka, je\u017celi doch\u00f3d rodziny w przeliczeniu na osob\u0119 nie przekracza kwoty <strong>1922,00 z\u0142.<\/strong><\/p>\n\n\n\n<p>Wniosek o wyp\u0142at\u0119 jednorazowej zapomogi sk\u0142ada si\u0119 w terminie <strong>12 miesi\u0119cy od dnia narodzin dziecka<\/strong>, a w przypadku gdy wniosek dotyczy dziecka obj\u0119tego opiek\u0105 prawn\u0105, opiek\u0105 faktyczn\u0105 albo dziecka przysposobionego- w terminie 12 miesi\u0119cy od dnia obj\u0119cia dziecka opiek\u0105 albo przysposobienia nie p\u00f3\u017aniej ni\u017c do uko\u0144czenia przez dziecka 18 roku \u017cycia. Wniosek z\u0142o\u017cony po terminie organ w\u0142a\u015bciwy pozostawia bez rozpoznania.<\/p>\n\n\n\n<p>Zapomoga przys\u0142uguje, je\u017celi kobieta pozostawa\u0142a pod opiek\u0105 medyczn\u0105 nie p\u00f3\u017aniej ni\u017c od 10 tygodnia ci\u0105\u017cy do porodu. Pozostawanie pod opiek\u0105 medyczn\u0105 potwierdza si\u0119 za\u015bwiadczeniem lekarskim lub za\u015bwiadczeniem wystawionym przez po\u0142o\u017cn\u0105.<\/p>\n","protected":false},"excerpt":{"rendered":"<p>Od 01.12.2019 r. obowi\u0105zuje nowy wz\u00f3r za\u015bwiadczenia lekarskiego, uprawniaj\u0105cego do jednorazowej zapomogi z tytu\u0142u urodzenia si\u0119 dziecka. Wz\u00f3r za\u015bwiadczenia znajduje [&hellip;]<\/p>\n","protected":false},"author":4,"featured_media":0,"parent":0,"menu_order":0,"comment_status":"closed","ping_status":"closed","template":"","meta":{"site-sidebar-layout":"default","site-content-layout":"","ast-site-content-layout":"default","site-content-style":"default","site-sidebar-style":"default","ast-global-header-display":"","ast-banner-title-visibility":"","ast-main-header-display":"","ast-hfb-above-header-display":"","ast-hfb-below-header-display":"","ast-hfb-mobile-header-display":"","site-post-title":"","ast-breadcrumbs-content":"","ast-featured-img":"","footer-sml-layout":"","ast-disable-related-posts":"","theme-transparent-header-meta":"","adv-header-id-meta":"","stick-header-meta":"","header-above-stick-meta":"","header-main-stick-meta":"","header-below-stick-meta":"","astra-migrate-meta-layouts":"default","ast-page-background-enabled":"default","ast-page-background-meta":{"desktop":{"background-color":"var(--ast-global-color-5)","background-image":"","background-repeat":"repeat","background-position":"center center","background-size":"auto","background-attachment":"scroll","background-type":"","background-media":"","overlay-type":"","overlay-color":"","overlay-opacity":"","overlay-gradient":""},"tablet":{"background-color":"","background-image":"","background-repeat":"repeat","background-position":"center center","background-size":"auto","background-attachment":"scroll","background-type":"","background-media":"","overlay-type":"","overlay-color":"","overlay-opacity":"","overlay-gradient":""},"mobile":{"background-color":"","background-image":"","background-repeat":"repeat","background-position":"center center","background-size":"auto","background-attachment":"scroll","background-type":"","background-media":"","overlay-type":"","overlay-color":"","overlay-opacity":"","overlay-gradient":""}},"ast-content-background-meta":{"desktop":{"background-color":"var(--ast-global-color-4)","background-image":"","background-repeat":"repeat","background-position":"center center","background-size":"auto","background-attachment":"scroll","background-type":"","background-media":"","overlay-type":"","overlay-color":"","overlay-opacity":"","overlay-gradient":""},"tablet":{"background-color":"var(--ast-global-color-4)","background-image":"","background-repeat":"repeat","background-position":"center center","background-size":"auto","background-attachment":"scroll","background-type":"","background-media":"","overlay-type":"","overlay-color":"","overlay-opacity":"","overlay-gradient":""},"mobile":{"background-color":"var(--ast-global-color-4)","background-image":"","background-repeat":"repeat","background-position":"center center","background-size":"auto","background-attachment":"scroll","background-type":"","background-media":"","overlay-type":"","overlay-color":"","overlay-opacity":"","overlay-gradient":""}},"footnotes":""},"class_list":["post-191","page","type-page","status-publish","hentry"],"_links":{"self":[{"href":"https:\/\/ops.wladyslawowo.pl\/index.php\/wp-json\/wp\/v2\/pages\/191","targetHints":{"allow":["GET"]}}],"collection":[{"href":"https:\/\/ops.wladyslawowo.pl\/index.php\/wp-json\/wp\/v2\/pages"}],"about":[{"href":"https:\/\/ops.wladyslawowo.pl\/index.php\/wp-json\/wp\/v2\/types\/page"}],"author":[{"embeddable":true,"href":"https:\/\/ops.wladyslawowo.pl\/index.php\/wp-json\/wp\/v2\/users\/4"}],"replies":[{"embeddable":true,"href":"https:\/\/ops.wladyslawowo.pl\/index.php\/wp-json\/wp\/v2\/comments?post=191"}],"version-history":[{"count":1,"href":"https:\/\/ops.wladyslawowo.pl\/index.php\/wp-json\/wp\/v2\/pages\/191\/revisions"}],"predecessor-version":[{"id":231,"href":"https:\/\/ops.wladyslawowo.pl\/index.php\/wp-json\/wp\/v2\/pages\/191\/revisions\/231"}],"wp:attachment":[{"href":"https:\/\/ops.wladyslawowo.pl\/index.php\/wp-json\/wp\/v2\/media?parent=191"}],"curies":[{"name":"wp","href":"https:\/\/api.w.org\/{rel}","templated":true}]}}