{"id":190,"date":"2026-03-26T12:50:51","date_gmt":"2026-03-26T11:50:51","guid":{"rendered":"https:\/\/ops.wladyslawowo.pl\/?page_id=190"},"modified":"2026-03-26T12:50:51","modified_gmt":"2026-03-26T11:50:51","slug":"dodatki-do-zasilkow-rodzinnych","status":"publish","type":"page","link":"https:\/\/ops.wladyslawowo.pl\/index.php\/dodatki-do-zasilkow-rodzinnych\/","title":{"rendered":"Dodatki do zasi\u0142k\u00f3w rodzinnych"},"content":{"rendered":"\n<p class=\"has-medium-font-size\">Do zasi\u0142ku rodzinnego przys\u0142uguj\u0105 dodatki z tytu\u0142u:<\/p>\n\n\n\n<p class=\"has-medium-font-size\">1) urodzenia dziecka,<\/p>\n\n\n\n<p class=\"has-medium-font-size\">2) opieki nad dzieckiem w okresie korzystania z urlopu wychowawczego,<\/p>\n\n\n\n<p class=\"has-medium-font-size\">3) samotnego wychowywania dziecka,<\/p>\n\n\n\n<p class=\"has-medium-font-size\">4) wychowywania dziecka w rodzinie wielodzietnej,<\/p>\n\n\n\n<p class=\"has-medium-font-size\">5) kszta\u0142cenia i rehabilitacji dziecka niepe\u0142nosprawnego,<\/p>\n\n\n\n<p class=\"has-medium-font-size\">6) rozpocz\u0119cia roku szkolnego,<\/p>\n\n\n\n<p class=\"has-medium-font-size\">7) podj\u0119cia przez dziecko nauki w szkole poza miejscem zamieszkania.<\/p>\n","protected":false},"excerpt":{"rendered":"<p>Do zasi\u0142ku rodzinnego przys\u0142uguj\u0105 dodatki z tytu\u0142u: 1) urodzenia dziecka, 2) opieki nad dzieckiem w okresie korzystania z urlopu wychowawczego, [&hellip;]<\/p>\n","protected":false},"author":4,"featured_media":0,"parent":0,"menu_order":0,"comment_status":"closed","ping_status":"closed","template":"","meta":{"site-sidebar-layout":"default","site-content-layout":"","ast-site-content-layout":"default","site-content-style":"default","site-sidebar-style":"default","ast-global-header-display":"","ast-banner-title-visibility":"","ast-main-header-display":"","ast-hfb-above-header-display":"","ast-hfb-below-header-display":"","ast-hfb-mobile-header-display":"","site-post-title":"","ast-breadcrumbs-content":"","ast-featured-img":"","footer-sml-layout":"","ast-disable-related-posts":"","theme-transparent-header-meta":"","adv-header-id-meta":"","stick-header-meta":"","header-above-stick-meta":"","header-main-stick-meta":"","header-below-stick-meta":"","astra-migrate-meta-layouts":"default","ast-page-background-enabled":"default","ast-page-background-meta":{"desktop":{"background-color":"var(--ast-global-color-5)","background-image":"","background-repeat":"repeat","background-position":"center center","background-size":"auto","background-attachment":"scroll","background-type":"","background-media":"","overlay-type":"","overlay-color":"","overlay-opacity":"","overlay-gradient":""},"tablet":{"background-color":"","background-image":"","background-repeat":"repeat","background-position":"center center","background-size":"auto","background-attachment":"scroll","background-type":"","background-media":"","overlay-type":"","overlay-color":"","overlay-opacity":"","overlay-gradient":""},"mobile":{"background-color":"","background-image":"","background-repeat":"repeat","background-position":"center center","background-size":"auto","background-attachment":"scroll","background-type":"","background-media":"","overlay-type":"","overlay-color":"","overlay-opacity":"","overlay-gradient":""}},"ast-content-background-meta":{"desktop":{"background-color":"var(--ast-global-color-4)","background-image":"","background-repeat":"repeat","background-position":"center center","background-size":"auto","background-attachment":"scroll","background-type":"","background-media":"","overlay-type":"","overlay-color":"","overlay-opacity":"","overlay-gradient":""},"tablet":{"background-color":"var(--ast-global-color-4)","background-image":"","background-repeat":"repeat","background-position":"center center","background-size":"auto","background-attachment":"scroll","background-type":"","background-media":"","overlay-type":"","overlay-color":"","overlay-opacity":"","overlay-gradient":""},"mobile":{"background-color":"var(--ast-global-color-4)","background-image":"","background-repeat":"repeat","background-position":"center center","background-size":"auto","background-attachment":"scroll","background-type":"","background-media":"","overlay-type":"","overlay-color":"","overlay-opacity":"","overlay-gradient":""}},"footnotes":""},"class_list":["post-190","page","type-page","status-publish","hentry"],"_links":{"self":[{"href":"https:\/\/ops.wladyslawowo.pl\/index.php\/wp-json\/wp\/v2\/pages\/190","targetHints":{"allow":["GET"]}}],"collection":[{"href":"https:\/\/ops.wladyslawowo.pl\/index.php\/wp-json\/wp\/v2\/pages"}],"about":[{"href":"https:\/\/ops.wladyslawowo.pl\/index.php\/wp-json\/wp\/v2\/types\/page"}],"author":[{"embeddable":true,"href":"https:\/\/ops.wladyslawowo.pl\/index.php\/wp-json\/wp\/v2\/users\/4"}],"replies":[{"embeddable":true,"href":"https:\/\/ops.wladyslawowo.pl\/index.php\/wp-json\/wp\/v2\/comments?post=190"}],"version-history":[{"count":1,"href":"https:\/\/ops.wladyslawowo.pl\/index.php\/wp-json\/wp\/v2\/pages\/190\/revisions"}],"predecessor-version":[{"id":197,"href":"https:\/\/ops.wladyslawowo.pl\/index.php\/wp-json\/wp\/v2\/pages\/190\/revisions\/197"}],"wp:attachment":[{"href":"https:\/\/ops.wladyslawowo.pl\/index.php\/wp-json\/wp\/v2\/media?parent=190"}],"curies":[{"name":"wp","href":"https:\/\/api.w.org\/{rel}","templated":true}]}}