{"id":188,"date":"2026-03-26T13:05:45","date_gmt":"2026-03-26T12:05:45","guid":{"rendered":"https:\/\/ops.wladyslawowo.pl\/?page_id=188"},"modified":"2026-03-26T13:05:45","modified_gmt":"2026-03-26T12:05:45","slug":"zasilek-rodzinny","status":"publish","type":"page","link":"https:\/\/ops.wladyslawowo.pl\/index.php\/zasilek-rodzinny\/","title":{"rendered":"zasi\u0142ek rodzinny"},"content":{"rendered":"\n<p class=\"has-medium-font-size\">Zasi\u0142ek rodzinny przys\u0142uguje, je\u017celi doch\u00f3d rodziny w przeliczeniu na osob\u0119 albo doch\u00f3d osoby ucz\u0105cej si\u0119 nie przekracza kwoty<strong> 674 z\u0142<\/strong>. Gdy cz\u0142onkiem rodziny jest dziecko legitymuj\u0105ce si\u0119 orzeczeniem o niepe\u0142nosprawno\u015bci lub orzeczeniem o umiarkowanym albo o znacznym stopniu niepe\u0142nosprawno\u015bci, zasi\u0142ek rodzinny przys\u0142uguje, je\u017celi doch\u00f3d rodziny w przeliczeniu na osob\u0119 albo doch\u00f3d osoby ucz\u0105cej si\u0119 nie przekracza kwoty<strong> 764 z\u0142<\/strong>.<\/p>\n\n\n\n<p class=\"has-medium-font-size\">W przypadku gdy doch\u00f3d rodziny przekracza kwot\u0119 uprawniaj\u0105c\u0105 dan\u0105 rodzin\u0119 do zasi\u0142ku rodzinnego, pomno\u017con\u0105 przez liczb\u0119 cz\u0142onk\u00f3w danej rodziny o kwot\u0119 nie wy\u017csz\u0105 ni\u017c \u0142\u0105czna kwota zasi\u0142k\u00f3w rodzinnych wraz z dodatkami przys\u0142uguj\u0105cych danej rodzinie w okresie zasi\u0142kowym, na kt\u00f3ry jest ustalane prawo do tych \u015bwiadcze\u0144, zasi\u0142ek rodzinny wraz z dodatkami przys\u0142uguje w wysoko\u015bci r\u00f3\u017cnicy mi\u0119dzy \u0142\u0105czn\u0105 kwot\u0105 zasi\u0142k\u00f3w rodzinnych wraz z dodatkami a kwot\u0105, o kt\u00f3r\u0105 zosta\u0142 przekroczony doch\u00f3d rodziny. W przypadku gdy ustalona wysoko\u015b\u0107 zasi\u0142k\u00f3w rodzinnych wraz z dodatkami przys\u0142uguj\u0105ca danej rodzinie, jest ni\u017csza ni\u017c 20,00z\u0142 \u015bwiadczenia te nie przys\u0142uguj\u0105.<br><br>Prawo do zasi\u0142ku rodzinnego i dodatk\u00f3w do tego zasi\u0142ku przys\u0142uguje:<br><br>1) rodzicom, jednemu z rodzic\u00f3w albo opiekunowi prawnemu dziecka,<br><br>2) opiekunowi faktycznemu dziecka.<br><br>3) osobie ucz\u0105cej si\u0119 (osoba pe\u0142noletnia ucz\u0105ca si\u0119, niepozostaj\u0105c\u0105 na utrzymaniu rodzic\u00f3w w zwi\u0105zku z ich \u015bmierci\u0105 lub z zas\u0105dzeniem od rodzic\u00f3w na jej rzecz aliment\u00f3w).<br><br>Zasi\u0142ek przys\u0142uguje osobie ucz\u0105cej si\u0119 w szkole lub w szkole wy\u017cszej, jednak nie d\u0142u\u017cej ni\u017c do uko\u0144czenia 24 roku \u017cycia.<br><br>Zasi\u0142ek rodzinny przys\u0142uguje osobom wymienionym w punktach 1 i 2, do uko\u0144czenia przez dziecko:<br><br>&#8211; 18 roku \u017cycia lub,<br><br>&#8211; nauki w szkole, jednak nie d\u0142u\u017cej ni\u017c do uko\u0144czenia 21 roku \u017cycia albo,<br><br>&#8211; 24 roku \u017cycia, je\u017celi kontynuuje nauk\u0119 w szkole lub w szkole wy\u017cszej i legitymuje si\u0119 orzeczeniem o umiarkowanym albo znacznym stopniu niepe\u0142nosprawno\u015bci.<\/p>\n\n\n\n<p class=\"has-medium-font-size\"><strong>Zasi\u0142ek nie przys\u0142uguje je\u015bli:<\/strong><br><br>1) dziecko lub osoba ucz\u0105ca si\u0119 pozostaj\u0105 w zwi\u0105zku ma\u0142\u017ce\u0144skim<\/p>\n\n\n\n<p class=\"has-medium-font-size\">2) dziecko zosta\u0142o umieszczone w instytucji zapewniaj\u0105cej ca\u0142odobowe utrzymanie albo w pieczy zast\u0119pczej,<\/p>\n\n\n\n<p class=\"has-medium-font-size\">3) osoba ucz\u0105ca si\u0119 zosta\u0142a umieszczona w instytucji zapewniaj\u0105cej ca\u0142odobowe utrzymanie,<\/p>\n\n\n\n<p class=\"has-medium-font-size\">4) pe\u0142noletnie dziecko lub osoba ucz\u0105ca si\u0119 jest uprawniona do zasi\u0142ku rodzinnego na w\u0142asne dziecko.<br><br>Zasi\u0142ek rodzinny nie przys\u0142uguje r\u00f3wnie\u017c je\u015bli osobie samotnie wychowuj\u0105cej dziecko nie zosta\u0142o zas\u0105dzone \u015bwiadczenie alimentacyjne na rzecz dziecka od jego rodzica, chyba, \u017ce:<br><br>1) drugi z rodzic\u00f3w dziecka nie \u017cyje<br><br>2) ojciec dziecka jest nieznany.<br><br>3) pow\u00f3dztwo o ustalenie \u015bwiadczenia alimentacyjnego od drugiego z rodzic\u00f3w dziecka zosta\u0142o oddalone.<br><br>4) s\u0105d zobowi\u0105za\u0142 jednego z rodzic\u00f3w do ponoszenia ca\u0142kowitych koszt\u00f3w utrzymania dziecka i nie zobowi\u0105za\u0142 drugiego z rodzic\u00f3w do \u015bwiadczenia alimentacyjnego na rzecz tego dziecka.<\/p>\n\n\n\n<p class=\"has-medium-font-size\">Zasi\u0142ek rodzinny nie przys\u0142uguje je\u015bli cz\u0142onkowi rodziny przys\u0142uguje na dziecko zasi\u0142ek rodzinny za granic\u0105, chyba \u017ce przepisy o koordynacji system\u00f3w zabezpieczenia spo\u0142ecznego lub dwustronne umowy o zabezpieczeniu spo\u0142ecznym stanowi\u0105 inaczej.<\/p>\n","protected":false},"excerpt":{"rendered":"<p>Zasi\u0142ek rodzinny przys\u0142uguje, je\u017celi doch\u00f3d rodziny w przeliczeniu na osob\u0119 albo doch\u00f3d osoby ucz\u0105cej si\u0119 nie przekracza kwoty 674 z\u0142. [&hellip;]<\/p>\n","protected":false},"author":4,"featured_media":0,"parent":0,"menu_order":0,"comment_status":"closed","ping_status":"closed","template":"","meta":{"site-sidebar-layout":"default","site-content-layout":"","ast-site-content-layout":"default","site-content-style":"default","site-sidebar-style":"default","ast-global-header-display":"","ast-banner-title-visibility":"","ast-main-header-display":"","ast-hfb-above-header-display":"","ast-hfb-below-header-display":"","ast-hfb-mobile-header-display":"","site-post-title":"","ast-breadcrumbs-content":"","ast-featured-img":"","footer-sml-layout":"","ast-disable-related-posts":"","theme-transparent-header-meta":"","adv-header-id-meta":"","stick-header-meta":"","header-above-stick-meta":"","header-main-stick-meta":"","header-below-stick-meta":"","astra-migrate-meta-layouts":"default","ast-page-background-enabled":"default","ast-page-background-meta":{"desktop":{"background-color":"var(--ast-global-color-5)","background-image":"","background-repeat":"repeat","background-position":"center center","background-size":"auto","background-attachment":"scroll","background-type":"","background-media":"","overlay-type":"","overlay-color":"","overlay-opacity":"","overlay-gradient":""},"tablet":{"background-color":"","background-image":"","background-repeat":"repeat","background-position":"center center","background-size":"auto","background-attachment":"scroll","background-type":"","background-media":"","overlay-type":"","overlay-color":"","overlay-opacity":"","overlay-gradient":""},"mobile":{"background-color":"","background-image":"","background-repeat":"repeat","background-position":"center center","background-size":"auto","background-attachment":"scroll","background-type":"","background-media":"","overlay-type":"","overlay-color":"","overlay-opacity":"","overlay-gradient":""}},"ast-content-background-meta":{"desktop":{"background-color":"var(--ast-global-color-4)","background-image":"","background-repeat":"repeat","background-position":"center center","background-size":"auto","background-attachment":"scroll","background-type":"","background-media":"","overlay-type":"","overlay-color":"","overlay-opacity":"","overlay-gradient":""},"tablet":{"background-color":"var(--ast-global-color-4)","background-image":"","background-repeat":"repeat","background-position":"center center","background-size":"auto","background-attachment":"scroll","background-type":"","background-media":"","overlay-type":"","overlay-color":"","overlay-opacity":"","overlay-gradient":""},"mobile":{"background-color":"var(--ast-global-color-4)","background-image":"","background-repeat":"repeat","background-position":"center center","background-size":"auto","background-attachment":"scroll","background-type":"","background-media":"","overlay-type":"","overlay-color":"","overlay-opacity":"","overlay-gradient":""}},"footnotes":""},"class_list":["post-188","page","type-page","status-publish","hentry"],"_links":{"self":[{"href":"https:\/\/ops.wladyslawowo.pl\/index.php\/wp-json\/wp\/v2\/pages\/188","targetHints":{"allow":["GET"]}}],"collection":[{"href":"https:\/\/ops.wladyslawowo.pl\/index.php\/wp-json\/wp\/v2\/pages"}],"about":[{"href":"https:\/\/ops.wladyslawowo.pl\/index.php\/wp-json\/wp\/v2\/types\/page"}],"author":[{"embeddable":true,"href":"https:\/\/ops.wladyslawowo.pl\/index.php\/wp-json\/wp\/v2\/users\/4"}],"replies":[{"embeddable":true,"href":"https:\/\/ops.wladyslawowo.pl\/index.php\/wp-json\/wp\/v2\/comments?post=188"}],"version-history":[{"count":1,"href":"https:\/\/ops.wladyslawowo.pl\/index.php\/wp-json\/wp\/v2\/pages\/188\/revisions"}],"predecessor-version":[{"id":196,"href":"https:\/\/ops.wladyslawowo.pl\/index.php\/wp-json\/wp\/v2\/pages\/188\/revisions\/196"}],"wp:attachment":[{"href":"https:\/\/ops.wladyslawowo.pl\/index.php\/wp-json\/wp\/v2\/media?parent=188"}],"curies":[{"name":"wp","href":"https:\/\/api.w.org\/{rel}","templated":true}]}}