{"id":168,"date":"2026-03-26T13:05:45","date_gmt":"2026-03-26T12:05:45","guid":{"rendered":"https:\/\/ops.wladyslawowo.pl\/?page_id=168"},"modified":"2026-03-27T15:03:15","modified_gmt":"2026-03-27T14:03:15","slug":"zasady-ogolne","status":"publish","type":"page","link":"https:\/\/ops.wladyslawowo.pl\/index.php\/zasady-ogolne\/","title":{"rendered":"zasady og\u00f3lne"},"content":{"rendered":"\n<p>Pomocy spo\u0142ecznej udziela si\u0119 osobom i rodzinom w szczeg\u00f3lno\u015bci z powodu (art. 7 ustawy o pomocy spo\u0142ecznej):<\/p>\n\n\n\n<ul class=\"wp-block-list\">\n<li>ub\u00f3stwa,<\/li>\n\n\n\n<li>sieroctwa,<\/li>\n\n\n\n<li>bezdomno\u015bci,<\/li>\n\n\n\n<li>bezrobocia,<\/li>\n\n\n\n<li>niepe\u0142nosprawno\u015bci,<\/li>\n\n\n\n<li>d\u0142ugotrwa\u0142ej lub ci\u0119\u017ckiej choroby,<\/li>\n\n\n\n<li>przemocy w rodzinie,<\/li>\n\n\n\n<li>potrzeby ochrony ofiar handlu lud\u017ami,<\/li>\n\n\n\n<li>potrzeby ochrony macierzy\u0144stwa lub wielodzietno\u015bci,<\/li>\n\n\n\n<li>bezradno\u015bci w sprawach opieku\u0144czo-wychowawczych i prowadzenia gospodarstwa domowego, zw\u0142aszcza w rodzinach niepe\u0142nych lub wielodzietnych,<\/li>\n\n\n\n<li>braku umiej\u0119tno\u015bci w przystosowaniu do \u017cycia m\u0142odzie\u017cy opuszczaj\u0105cej plac\u00f3wki opieku\u0144czo-wychowawcze,<\/li>\n\n\n\n<li>trudno\u015bci w integracji cudzoziemc\u00f3w, kt\u00f3rzy uzyskali w Rzeczypospolitej Polskiej status uchod\u017acy lub ochron\u0119 uzupe\u0142niaj\u0105c\u0105,<\/li>\n\n\n\n<li>trudno\u015bci w przystosowaniu do \u017cycia po zwolnieniu z zak\u0142adu karnego,<\/li>\n\n\n\n<li>alkoholizmu lub narkomanii,<\/li>\n\n\n\n<li>zdarzenia losowego i sytuacji kryzysowej,<\/li>\n\n\n\n<li>kl\u0119ski \u017cywio\u0142owej lub ekologicznej.<\/li>\n<\/ul>\n\n\n\n<p><strong>Prawo do \u015bwiadcze\u0144 przys\u0142uguje osobom i rodzinom, kt\u00f3rych posiadane dochody nie przekraczaj\u0105 kryteri\u00f3w dochodowych<\/strong> ustalonych w oparciu o pr\u00f3g interwencji socjalnej, przy jednoczesnym wyst\u0105pieniu co najmniej jednej z ww. okoliczno\u015bci.<br><br><strong>W systemie pomocy spo\u0142ecznej przez rodzin\u0119 rozumie si\u0119 osoby spokrewnione i niespokrewnione, pozostaj\u0105ce w faktycznym zwi\u0105zku, wsp\u00f3lnie zamieszkuj\u0105ce i gospodaruj\u0105ce.<\/strong><br><br><strong>Kryterium dochodowym dla osoby samotnie gospodaruj\u0105cej<\/strong> jest doch\u00f3d nie przekraczaj\u0105cy kwoty <strong>1.010 z\u0142,<\/strong> natomiast dla <strong>osoby w rodzinie<\/strong> &#8211; kwota <strong>823 z\u0142.<\/strong><\/p>\n\n\n\n<p>Osobie odbywaj\u0105cej kar\u0119 pozbawienia wolno\u015bci nie przys\u0142uguje prawo do \u015bwiadcze\u0144 z pomocy spo\u0142ecznej. Osobie tymczasowo aresztowanej zawiesza si\u0119 prawo do \u015bwiadcze\u0144 z pomocy spo\u0142ecznej. Za okres tymczasowego aresztowania nie udziela si\u0119 \u015bwiadcze\u0144 (art. 13 ustawy o pomocy spo\u0142ecznej).<br><br><strong>\u015awiadczenia z pomocy spo\u0142ecznej s\u0105 udzielane na wniosek osoby zainteresowanej, jej przedstawiciela ustawowego albo innej osoby, za zgod\u0105 osoby zainteresowanej lub jej przedstawiciela ustawowego. Pomoc spo\u0142eczna mo\u017ce by\u0107 udzielana z urz\u0119du (art. 102 ustawy o pomocy spo\u0142ecznej).<\/strong><\/p>\n","protected":false},"excerpt":{"rendered":"<p>Pomocy spo\u0142ecznej udziela si\u0119 osobom i rodzinom w szczeg\u00f3lno\u015bci z powodu (art. 7 ustawy o pomocy spo\u0142ecznej): Prawo do \u015bwiadcze\u0144 [&hellip;]<\/p>\n","protected":false},"author":4,"featured_media":0,"parent":0,"menu_order":0,"comment_status":"closed","ping_status":"closed","template":"","meta":{"site-sidebar-layout":"default","site-content-layout":"","ast-site-content-layout":"default","site-content-style":"default","site-sidebar-style":"default","ast-global-header-display":"","ast-banner-title-visibility":"","ast-main-header-display":"","ast-hfb-above-header-display":"","ast-hfb-below-header-display":"","ast-hfb-mobile-header-display":"","site-post-title":"","ast-breadcrumbs-content":"","ast-featured-img":"","footer-sml-layout":"","ast-disable-related-posts":"","theme-transparent-header-meta":"","adv-header-id-meta":"","stick-header-meta":"","header-above-stick-meta":"","header-main-stick-meta":"","header-below-stick-meta":"","astra-migrate-meta-layouts":"default","ast-page-background-enabled":"default","ast-page-background-meta":{"desktop":{"background-color":"var(--ast-global-color-5)","background-image":"","background-repeat":"repeat","background-position":"center center","background-size":"auto","background-attachment":"scroll","background-type":"","background-media":"","overlay-type":"","overlay-color":"","overlay-opacity":"","overlay-gradient":""},"tablet":{"background-color":"","background-image":"","background-repeat":"repeat","background-position":"center center","background-size":"auto","background-attachment":"scroll","background-type":"","background-media":"","overlay-type":"","overlay-color":"","overlay-opacity":"","overlay-gradient":""},"mobile":{"background-color":"","background-image":"","background-repeat":"repeat","background-position":"center center","background-size":"auto","background-attachment":"scroll","background-type":"","background-media":"","overlay-type":"","overlay-color":"","overlay-opacity":"","overlay-gradient":""}},"ast-content-background-meta":{"desktop":{"background-color":"var(--ast-global-color-4)","background-image":"","background-repeat":"repeat","background-position":"center center","background-size":"auto","background-attachment":"scroll","background-type":"","background-media":"","overlay-type":"","overlay-color":"","overlay-opacity":"","overlay-gradient":""},"tablet":{"background-color":"var(--ast-global-color-4)","background-image":"","background-repeat":"repeat","background-position":"center center","background-size":"auto","background-attachment":"scroll","background-type":"","background-media":"","overlay-type":"","overlay-color":"","overlay-opacity":"","overlay-gradient":""},"mobile":{"background-color":"var(--ast-global-color-4)","background-image":"","background-repeat":"repeat","background-position":"center center","background-size":"auto","background-attachment":"scroll","background-type":"","background-media":"","overlay-type":"","overlay-color":"","overlay-opacity":"","overlay-gradient":""}},"footnotes":""},"class_list":["post-168","page","type-page","status-publish","hentry"],"_links":{"self":[{"href":"https:\/\/ops.wladyslawowo.pl\/index.php\/wp-json\/wp\/v2\/pages\/168","targetHints":{"allow":["GET"]}}],"collection":[{"href":"https:\/\/ops.wladyslawowo.pl\/index.php\/wp-json\/wp\/v2\/pages"}],"about":[{"href":"https:\/\/ops.wladyslawowo.pl\/index.php\/wp-json\/wp\/v2\/types\/page"}],"author":[{"embeddable":true,"href":"https:\/\/ops.wladyslawowo.pl\/index.php\/wp-json\/wp\/v2\/users\/4"}],"replies":[{"embeddable":true,"href":"https:\/\/ops.wladyslawowo.pl\/index.php\/wp-json\/wp\/v2\/comments?post=168"}],"version-history":[{"count":2,"href":"https:\/\/ops.wladyslawowo.pl\/index.php\/wp-json\/wp\/v2\/pages\/168\/revisions"}],"predecessor-version":[{"id":396,"href":"https:\/\/ops.wladyslawowo.pl\/index.php\/wp-json\/wp\/v2\/pages\/168\/revisions\/396"}],"wp:attachment":[{"href":"https:\/\/ops.wladyslawowo.pl\/index.php\/wp-json\/wp\/v2\/media?parent=168"}],"curies":[{"name":"wp","href":"https:\/\/api.w.org\/{rel}","templated":true}]}}